{"id":93,"date":"2026-01-21T14:01:36","date_gmt":"2026-01-21T14:01:36","guid":{"rendered":"https:\/\/totbid2026.org\/?page_id=93"},"modified":"2026-03-03T09:09:00","modified_gmt":"2026-03-03T09:09:00","slug":"iletisim","status":"publish","type":"page","link":"https:\/\/totbid2026.org\/en\/iletisim\/","title":{"rendered":"Contact"},"content":{"rendered":"<p>[et_pb_section fb_built=&#8221;1&#8243; fullwidth=&#8221;on&#8221; _builder_version=&#8221;4.17.4&#8243; _module_preset=&#8221;default&#8221; use_background_color_gradient=&#8221;on&#8221; background_color_gradient_stops=&#8221;#221e72 0%|#008cd1 100%&#8221; global_colors_info=&#8221;{}&#8221;][et_pb_fullwidth_post_title meta=&#8221;off&#8221; featured_image=&#8221;off&#8221; _builder_version=&#8221;4.17.4&#8243; _module_preset=&#8221;default&#8221; title_font=&#8221;|700|||||||&#8221; title_text_color=&#8221;#FFFFFF&#8221; custom_padding=&#8221;167px|||||&#8221; global_colors_info=&#8221;{}&#8221;][\/et_pb_fullwidth_post_title][\/et_pb_section][et_pb_section fb_built=&#8221;1&#8243; _builder_version=&#8221;4.17.4&#8243; _module_preset=&#8221;default&#8221; custom_margin=&#8221;17px|||||&#8221; global_colors_info=&#8221;{}&#8221;][et_pb_row column_structure=&#8221;1_2,1_2&#8243; use_custom_gutter=&#8221;on&#8221; _builder_version=&#8221;4.17.4&#8243; _module_preset=&#8221;default&#8221; global_colors_info=&#8221;{}&#8221;][et_pb_column type=&#8221;1_2&#8243; _builder_version=&#8221;4.17.4&#8243; _module_preset=&#8221;default&#8221; global_colors_info=&#8221;{}&#8221;][et_pb_text _builder_version=&#8221;4.17.4&#8243; _module_preset=&#8221;default&#8221; text_text_color=&#8221;#211d71&#8243; global_colors_info=&#8221;{}&#8221;]<\/p>\n<h3><em><span style=\"color: #211d71;\">KONGRE SEKRETERYASI<\/span><\/em><\/h3>\n<p><strong><img loading=\"lazy\" decoding=\"async\" src=\"http:\/\/totbid2026.org\/wp-content\/uploads\/2026\/01\/sponsorluk-dosyasi.jpeg\" width=\"178\" height=\"112\" alt=\"\" class=\"wp-image-120 alignnone size-full\" \/><\/strong><strong><br \/>T\u00fcrk\u00a0Ortopedi ve Travmatoloji Birli\u011fi Derne\u011fi<\/strong><br \/>Bayraktar Mahallesi, \u0130kizdere Sk.<br \/>No: 21\/12 G.O.P. \/ Ankara<br \/>0 312 436 11 40<br \/>0 312 436 27 16<br \/><a href=\"http:\/\/www.totbid.org.tr\">www.totbid.org.tr<\/a>\u00a0<br \/><a href=\"mailto:2026kongresekreteri@totbid.org.tr\">2026kongresekreteri@totbid.org.tr<\/a>\u00a0<\/p>\n<p>[\/et_pb_text][\/et_pb_column][et_pb_column type=&#8221;1_2&#8243; _builder_version=&#8221;4.17.4&#8243; _module_preset=&#8221;default&#8221; global_colors_info=&#8221;{}&#8221;][et_pb_text _builder_version=&#8221;4.17.4&#8243; _module_preset=&#8221;default&#8221; text_text_color=&#8221;#211d71&#8243; hover_enabled=&#8221;0&#8243; global_colors_info=&#8221;{}&#8221; sticky_enabled=&#8221;0&#8243;]<\/p>\n<h3><em><span style=\"color: #211d71;\">ORGAN\u0130ZASYON SEKRETERYASI<\/span><\/em><\/h3>\n<p><strong><img loading=\"lazy\" decoding=\"async\" src=\"http:\/\/totbid2026.org\/wp-content\/uploads\/2026\/01\/d_event.png\" width=\"94\" height=\"112\" alt=\"\" class=\"wp-image-98 alignnone size-full\" \/><\/strong><\/p>\n<p><strong>D Event Turizm Organizasyon Hizmetleri <span lang=\"TR\">Anonim \u015eirketi<\/span><\/strong><br \/>G\u00fczeltepe Mahallesi \u00d6zvatan Caddesi No:38\/3<br \/>\u00c7ankaya \/ Ankara<br \/>+90 312 438 10 39<br \/><a href=\"mailto:info@totbid2026.org\">info@totbid2026.org<\/a>\u00a0<br \/><a href=\"http:\/\/www.devent.com.tr\">www.devent.com.tr<\/a><\/p>\n<p>[\/et_pb_text][\/et_pb_column][\/et_pb_row][\/et_pb_section]<\/p>\n","protected":false},"excerpt":{"rendered":"<p>KONGRE SEKRETERYASI T\u00fcrk\u00a0Ortopedi ve Travmatoloji Birli\u011fi Derne\u011fiBayraktar Mahallesi, \u0130kizdere Sk.No: 21\/12 G.O.P. \/ Ankara0 312 436 11 400 312 436 27 16www.totbid.org.tr\u00a02026kongresekreteri@totbid.org.tr\u00a0ORGAN\u0130ZASYON SEKRETERYASI D Event Turizm Organizasyon Hizmetleri Anonim \u015eirketiG\u00fczeltepe Mahallesi \u00d6zvatan Caddesi No:38\/3\u00c7ankaya \/ Ankara+90 312 438 10 39info@totbid2026.org\u00a0www.devent.com.tr<\/p>","protected":false},"author":1,"featured_media":0,"parent":0,"menu_order":0,"comment_status":"closed","ping_status":"closed","template":"","meta":{"_et_pb_use_builder":"on","_et_pb_old_content":"","_et_gb_content_width":"","footnotes":""},"class_list":["post-93","page","type-page","status-publish","hentry"],"_links":{"self":[{"href":"https:\/\/totbid2026.org\/en\/wp-json\/wp\/v2\/pages\/93","targetHints":{"allow":["GET"]}}],"collection":[{"href":"https:\/\/totbid2026.org\/en\/wp-json\/wp\/v2\/pages"}],"about":[{"href":"https:\/\/totbid2026.org\/en\/wp-json\/wp\/v2\/types\/page"}],"author":[{"embeddable":true,"href":"https:\/\/totbid2026.org\/en\/wp-json\/wp\/v2\/users\/1"}],"replies":[{"embeddable":true,"href":"https:\/\/totbid2026.org\/en\/wp-json\/wp\/v2\/comments?post=93"}],"version-history":[{"count":8,"href":"https:\/\/totbid2026.org\/en\/wp-json\/wp\/v2\/pages\/93\/revisions"}],"predecessor-version":[{"id":306,"href":"https:\/\/totbid2026.org\/en\/wp-json\/wp\/v2\/pages\/93\/revisions\/306"}],"wp:attachment":[{"href":"https:\/\/totbid2026.org\/en\/wp-json\/wp\/v2\/media?parent=93"}],"curies":[{"name":"wp","href":"https:\/\/api.w.org\/{rel}","templated":true}]}}