{"id":77,"date":"2026-01-20T11:39:02","date_gmt":"2026-01-20T11:39:02","guid":{"rendered":"https:\/\/totbid2026.org\/?page_id=77"},"modified":"2026-02-20T08:32:53","modified_gmt":"2026-02-20T08:32:53","slug":"kayit-konaklama","status":"publish","type":"page","link":"https:\/\/totbid2026.org\/en\/kayit-konaklama\/","title":{"rendered":"Registration &amp; Accommodation"},"content":{"rendered":"<p>[et_pb_section fb_built=&#8221;1&#8243; fullwidth=&#8221;on&#8221; _builder_version=&#8221;4.17.4&#8243; _module_preset=&#8221;default&#8221; use_background_color_gradient=&#8221;on&#8221; background_color_gradient_stops=&#8221;#221e72 0%|#008cd1 100%&#8221; global_colors_info=&#8221;{}&#8221;][et_pb_fullwidth_post_title meta=&#8221;off&#8221; featured_image=&#8221;off&#8221; _builder_version=&#8221;4.17.4&#8243; _module_preset=&#8221;default&#8221; title_font=&#8221;|700|||||||&#8221; title_text_color=&#8221;#FFFFFF&#8221; custom_padding=&#8221;167px|||||&#8221; global_colors_info=&#8221;{}&#8221;][\/et_pb_fullwidth_post_title][\/et_pb_section][et_pb_section fb_built=&#8221;1&#8243; _builder_version=&#8221;4.17.4&#8243; _module_preset=&#8221;default&#8221; custom_margin=&#8221;17px|||||&#8221; global_colors_info=&#8221;{}&#8221;][et_pb_row use_custom_gutter=&#8221;on&#8221; _builder_version=&#8221;4.17.4&#8243; _module_preset=&#8221;default&#8221; global_colors_info=&#8221;{}&#8221;][et_pb_column type=&#8221;4_4&#8243; _builder_version=&#8221;4.17.4&#8243; _module_preset=&#8221;default&#8221; global_colors_info=&#8221;{}&#8221;][et_pb_text _builder_version=&#8221;4.17.4&#8243; _module_preset=&#8221;default&#8221; text_text_color=&#8221;#211d71&#8243; global_colors_info=&#8221;{}&#8221;]<\/p>\n<h3><em><span style=\"color: #211d71;\">KAYIT<\/span><\/em><\/h3>\n<table width=\"100%\" border=\"0\" class=\"genel\">\n<tbody>\n<tr>\n<td bgcolor=\"#211d71\"><span style=\"color: #ffffff;\"><strong>KAYIT T\u0130P\u0130<\/strong><\/span><\/td>\n<td align=\"center\" bgcolor=\"#211d71\"><span style=\"color: #ffffff;\"><strong>1. Periyot<br \/>1 Temmuz 2026 \u00d6ncesi<\/strong><\/span><\/td>\n<td align=\"center\" bgcolor=\"#211d71\"><span style=\"color: #ffffff;\"><strong>2. Periyot<br \/>1 Temmuz 2026 ve sonras\u0131<\/strong><\/span><\/td>\n<\/tr>\n<tr>\n<td bgcolor=\"#C7E6F9\"><strong>Uzman<\/strong> (Dernek \u00dcyesi)<\/td>\n<td align=\"center\" bgcolor=\"#C7E6F9\">9.000 TL<\/td>\n<td align=\"center\" bgcolor=\"#C7E6F9\">12.000 TL<\/td>\n<\/tr>\n<tr>\n<td><strong>Uzman<\/strong> (Dernek \u00dcyesi Olmayan)<\/td>\n<td align=\"center\">13.500 TL<\/td>\n<td align=\"center\">18.000 TL<\/td>\n<\/tr>\n<tr>\n<td bgcolor=\"#C7E6F9\"><strong>Asistan<\/strong> (Dernek Aday \u00dcyesi)<\/td>\n<td align=\"center\" bgcolor=\"#C7E6F9\">3.000 TL<\/td>\n<td align=\"center\" bgcolor=\"#C7E6F9\">4.500 TL<\/td>\n<\/tr>\n<tr>\n<td><strong>Asistan<\/strong> (Dernek Aday \u00dcyesi Olmayan)<\/td>\n<td align=\"center\">4.500 TL<\/td>\n<td align=\"center\">6.750 TL<\/td>\n<\/tr>\n<tr>\n<td bgcolor=\"#C7E6F9\"><strong>G\u00fcnl\u00fck Kay\u0131t<\/strong><\/td>\n<td align=\"center\" bgcolor=\"#C7E6F9\">2.250 TL<\/td>\n<td align=\"center\" bgcolor=\"#C7E6F9\">3.375 TL<\/td>\n<\/tr>\n<tr>\n<td><strong>Fizyoterapist<\/strong><\/td>\n<td align=\"center\">3.000 TL<\/td>\n<td align=\"center\">4.500 TL<\/td>\n<\/tr>\n<tr>\n<td bgcolor=\"#C7E6F9\"><strong>Hem\u015fire<\/strong><\/td>\n<td align=\"center\" bgcolor=\"#C7E6F9\">3.000 TL<\/td>\n<td align=\"center\" bgcolor=\"#C7E6F9\">4.500 TL<\/td>\n<\/tr>\n<tr>\n<td><strong>Firma Temsilcisi<\/strong><\/td>\n<td align=\"center\">15.000 TL<\/td>\n<td align=\"center\">22.500 TL<\/td>\n<\/tr>\n<\/tbody>\n<\/table>\n<p><strong> GENEL KURALLAR<\/strong><br \/><strong>\u2022 Kay\u0131t \u00dccreti:<\/strong> Toplant\u0131lara kat\u0131l\u0131m, yaka kart\u0131 ve kat\u0131l\u0131m sertifikas\u0131n\u0131 kapsamaktad\u0131r. D Event Turizm\u2019in \u00fclkedeki ekonomik ko\u015fullar\u0131n \u00f6nemli \u00f6l\u00e7\u00fcde de\u011fi\u015fmesi durumunda fiyatlar\u0131 de\u011fi\u015ftirme hakk\u0131 sakl\u0131d\u0131r.<br \/><strong>\u2022 Aidat borcu bulunan dernek \u00fcyelerine dernek \u00fcyesi olmayan uzmanlarla ayn\u0131 kay\u0131t \u00fccreti uygulanacakt\u0131r.<\/strong><br \/>\u2022 Organizasyon Sekreteryas\u0131 arac\u0131l\u0131\u011f\u0131 ile kongre oteli\u2019nde konaklama almayan ve sadece kay\u0131t yapt\u0131ran t\u00fcm kat\u0131l\u0131mc\u0131lardan kay\u0131t \u00fccretlerine ek olarak 09.00 \u2013 18.00 saatleri aras\u0131nda tesis kullan\u0131m bedeli olarak 5 G\u00fcnl\u00fck 325 Euro + KDV d\u0131\u015f kat\u0131l\u0131mc\u0131 \u00fccreti ayr\u0131ca al\u0131nacakt\u0131r.<br \/><strong>\u2022 Vergiler:<\/strong> Kay\u0131t \u00fccretlerine %20 KDV eklenecektir. D Event Turizm\u2019in vergisel de\u011fi\u015fiklikleri fiyatlara yans\u0131tma hakk\u0131 bulunmaktad\u0131r.<br \/><strong>\u2022 \u00d6demeler:<\/strong> Kay\u0131t i\u015flemleri; gerekli \u00f6demelerin belirtilen hesap numaralar\u0131na yap\u0131ld\u0131\u011f\u0131n\u0131 g\u00f6steren banka dekontunu kayitdevent@totbid2026.org adresine ula\u015ft\u0131rmas\u0131 ile ge\u00e7erli olacakt\u0131r. <br \/>\u2022 Bilimsel toplant\u0131lara konu\u015fmac\u0131, dinleyici olarak kat\u0131lacaklar\u0131n,\u00a0 refakat\u00e7ilerin veya \u00fcr\u00fcn tan\u0131t\u0131mc\u0131s\u0131 olarak kat\u0131lmak isteyen herkesin kay\u0131t yapt\u0131rmas\u0131 gerekmektedir.<\/p>\n<p>&nbsp;<\/p>\n<p>[\/et_pb_text][et_pb_text _builder_version=&#8221;4.17.4&#8243; _module_preset=&#8221;default&#8221; text_text_color=&#8221;#211d71&#8243; hover_enabled=&#8221;0&#8243; global_colors_info=&#8221;{}&#8221; sticky_enabled=&#8221;0&#8243;]<\/p>\n<h3><em><span style=\"color: #211d71;\">KONAKLAMA<\/span><\/em><\/h3>\n<table width=\"100%\" border=\"0\" class=\"genel\">\n<tbody>\n<tr>\n<td bgcolor=\"#211d71\"><span style=\"color: #ffffff;\"><strong>OTELLER<\/strong><\/span><\/td>\n<td colspan=\"2\" align=\"center\" bgcolor=\"#211d71\"><span style=\"color: #ffffff;\"><strong>1. Periyot<br \/>1 Temmuz 2026 \u00d6ncesi<\/strong><\/span><\/td>\n<td colspan=\"2\" align=\"center\" bgcolor=\"#211d71\"><span style=\"color: #ffffff;\"><strong>2. Periyot<br \/>1 Temmuz 2026 ve sonras\u0131<\/strong><\/span><\/td>\n<\/tr>\n<tr>\n<td><strong>5 Gecelik Paket Konaklama<\/strong><\/td>\n<td align=\"center\">Tek Ki\u015filik Oda<\/td>\n<td align=\"center\">\u00c7ift Ki\u015filik<br \/>Oda<\/td>\n<td align=\"center\">Tek Ki\u015filik Oda<\/td>\n<td align=\"center\">\u00c7ift Ki\u015filik<br \/>Oda<\/td>\n<\/tr>\n<tr>\n<td bgcolor=\"#C7E6F9\">Sueno Hotel Belek<\/td>\n<td align=\"center\" bgcolor=\"#C7E6F9\">1.100 \u20ac<\/td>\n<td align=\"center\" bgcolor=\"#C7E6F9\">1.595 \u20ac<\/td>\n<td align=\"center\" bgcolor=\"#C7E6F9\">1.342 \u20ac<\/td>\n<td align=\"center\" bgcolor=\"#C7E6F9\">1.870 \u20ac<\/td>\n<\/tr>\n<tr>\n<td>Calista Otel<\/td>\n<td align=\"center\">1.100 \u20ac<\/td>\n<td align=\"center\">1.595 \u20ac<\/td>\n<td align=\"center\">1.342 \u20ac<\/td>\n<td align=\"center\">1.870 \u20ac<\/td>\n<\/tr>\n<tr>\n<td bgcolor=\"#C7E6F9\">Papillon Zeugma Otel<\/td>\n<td align=\"center\" bgcolor=\"#C7E6F9\">1.100 \u20ac<\/td>\n<td align=\"center\" bgcolor=\"#C7E6F9\">1.595 \u20ac<\/td>\n<td align=\"center\" bgcolor=\"#C7E6F9\">1.342 \u20ac<\/td>\n<td align=\"center\" bgcolor=\"#C7E6F9\">1.870 \u20ac<\/td>\n<\/tr>\n<tr>\n<td>Papillon Ayscha Hotel<\/td>\n<td align=\"center\">1.100 \u20ac<\/td>\n<td align=\"center\">1.595 \u20ac<\/td>\n<td align=\"center\">1.342 \u20ac<\/td>\n<td align=\"center\">1.870 \u20ac<\/td>\n<\/tr>\n<tr>\n<td bgcolor=\"#C7E6F9\">Spice Otel<\/td>\n<td align=\"center\" bgcolor=\"#C7E6F9\">1.100 \u20ac<\/td>\n<td align=\"center\" bgcolor=\"#C7E6F9\">1.595 \u20ac<\/td>\n<td align=\"center\" bgcolor=\"#C7E6F9\">1.342 \u20ac<\/td>\n<td align=\"center\" bgcolor=\"#C7E6F9\">1.870 \u20ac<\/td>\n<\/tr>\n<\/tbody>\n<\/table>\n<p><strong> GENEL KURALLAR<\/strong><br \/><strong>Konaklama Paket \u00dccreti;<\/strong> 3 Kas\u0131m 2026 Sal\u0131 g\u00fcn\u00fc giri\u015f, 8 Kas\u0131m 2026 Pazar g\u00fcn\u00fc \u00e7\u0131k\u0131\u015f olmak \u00fczere, 5 gece her\u015fey dahil konaklamay\u0131 kapsamaktad\u0131r.<br \/>\u2022 D Event Turizm\u2019in \u00fclkedeki ekonomik ko\u015fullar\u0131n \u00f6nemli \u00f6l\u00e7\u00fcde de\u011fi\u015fmesi durumunda fiyatlar\u0131 de\u011fi\u015ftirme hakk\u0131 sakl\u0131d\u0131r.<br \/><strong>\u2022 Vergiler;<\/strong> Konaklama \u00fccretlerine konaklama vergisi dahildir, fiyatlara %10 KDV eklenecektir. D Event Turizm\u2019in vergisel de\u011fi\u015fiklikleri fiyatlara yans\u0131tma hakk\u0131 bulunmaktad\u0131r.<br \/>\u2022 Organizasyon Sekreteryas\u0131 arac\u0131l\u0131\u011f\u0131 ile kongre oteli\u2019nde konaklama almayan ve sadece kay\u0131t yapt\u0131ran t\u00fcm kat\u0131l\u0131mc\u0131lardan kay\u0131t \u00fccretlerine ek olarak 09.00 \u2013 18.00 saatleri aras\u0131nda tesis kullan\u0131m bedeli olarak <strong>5 G\u00fcnl\u00fck 325 Euro + KDV<\/strong> d\u0131\u015f kat\u0131l\u0131mc\u0131 \u00fccreti ayr\u0131ca al\u0131nacakt\u0131r.<br \/>\u2022 Konaklama \u00fccretleri b\u00fct\u00e7enize \u00f6deme tarihindeki periyod fiyatlar\u0131na g\u00f6re eklenecektir. 2 Kas\u0131m 2026 tarihine kadar \u00f6demelerin tamamlanmamas\u0131 durumunda 2. periyot fiyatlar\u0131 \u00fczerinden %20 art\u0131\u015f uygulanacakt\u0131r.<br \/>\u2022 Kongrenin ger\u00e7ekle\u015ftirilece\u011fi Sueno Hotel\u2019de konaklama i\u00e7in konu\u015fmac\u0131 ve oturum ba\u015fkanlar\u0131na \u00f6ncelik verilecektir.<br \/>\u2022 Konaklama i\u015flemleri <a href=\"mailto:kayitdevent@totbid2026.org\">kayitdevent@totbid2026.org<\/a>\u00a0 adresine talebinizi ileterek taraf\u0131n\u0131za g\u00f6nderilecek b\u00fct\u00e7e sonras\u0131nda b\u00fct\u00e7enin onaylanmas\u0131 ve gerekli \u00f6demelerin belirtilen hesap numaralar\u0131na yap\u0131ld\u0131\u011f\u0131n\u0131 g\u00f6steren banka dekontunun D Event Turizm\u2019e e posta yoluyla ula\u015ft\u0131r\u0131lmas\u0131 ile ge\u00e7erli olacakt\u0131r. Sadece banka dekontu ile yap\u0131lacak ba\u015fvurular ve b\u00fct\u00e7e konfirmesi verilmeyen talepler kabul edilmeyecek olup,<br \/><strong>\u2022 \u00d6demeler;<\/strong> Konaklama \u00fccreti D Event hesap numaralar\u0131na \u00f6denecek olup, \u00f6demeye istinaden d\u00fczenlenen fatura organizasyon bitiminden sonra g\u00f6nderilecektir.<\/p>\n<p>&nbsp;<\/p>\n<p>[\/et_pb_text][et_pb_text _builder_version=&#8221;4.17.4&#8243; _module_preset=&#8221;default&#8221; text_text_color=&#8221;#211d71&#8243; global_colors_info=&#8221;{}&#8221;]<\/p>\n<h3><em><span style=\"color: #211d71;\">TRANSFER<\/span><\/em><\/h3>\n<p>U\u00e7u\u015f saatlerini D Event Turizm\u2019e \u00f6nceden bildirmi\u015f ve kongrenin konaklama i\u015flemlerini D Event Turizm arac\u0131l\u0131\u011f\u0131 ile tamamlam\u0131\u015f olan t\u00fcm kat\u0131l\u0131mc\u0131lar\u0131n havaalan\u0131 ve kongre otelleri aras\u0131ndaki transferleri 3-8 Kas\u0131m 2026 tarihleri aras\u0131nda \u00e7ift y\u00f6nl\u00fc ve <strong>\u00dcCRETS\u0130Z<\/strong> olarak yap\u0131lacakt\u0131r. U\u00e7ak de\u011fi\u015fikliklerinin yaz\u0131l\u0131 olarak en ge\u00e7 24 saat \u00f6nceden bildirilmesi durumunda transfer de\u011fi\u015fikli\u011fi istekleri dikkate al\u0131nacakt\u0131r. Bu tarihler d\u0131\u015f\u0131ndaki transfer talepleri \u00f6zel transfer stat\u00fcs\u00fcnde de\u011ferlendirilecektir. \u00d6zel transferler i\u00e7in l\u00fctfen D Event Turizm ile irtibata ge\u00e7iniz.<\/p>\n<p>[\/et_pb_text][\/et_pb_column][\/et_pb_row][\/et_pb_section]<\/p>\n","protected":false},"excerpt":{"rendered":"<p>KAYIT KAYIT T\u0130P\u0130 1. Periyot1 Temmuz 2026 \u00d6ncesi 2. Periyot1 Temmuz 2026 ve sonras\u0131 Uzman (Dernek \u00dcyesi) 9.000 TL 12.000 TL Uzman (Dernek \u00dcyesi Olmayan) 13.500 TL 18.000 TL Asistan (Dernek Aday \u00dcyesi) 3.000 TL 4.500 TL Asistan (Dernek Aday \u00dcyesi Olmayan) 4.500 TL 6.750 TL G\u00fcnl\u00fck Kay\u0131t 2.250 TL 3.375 TL Fizyoterapist 3.000 TL [&hellip;]<\/p>\n","protected":false},"author":1,"featured_media":0,"parent":0,"menu_order":0,"comment_status":"closed","ping_status":"closed","template":"","meta":{"_et_pb_use_builder":"on","_et_pb_old_content":"","_et_gb_content_width":"","footnotes":""},"class_list":["post-77","page","type-page","status-publish","hentry"],"_links":{"self":[{"href":"https:\/\/totbid2026.org\/en\/wp-json\/wp\/v2\/pages\/77","targetHints":{"allow":["GET"]}}],"collection":[{"href":"https:\/\/totbid2026.org\/en\/wp-json\/wp\/v2\/pages"}],"about":[{"href":"https:\/\/totbid2026.org\/en\/wp-json\/wp\/v2\/types\/page"}],"author":[{"embeddable":true,"href":"https:\/\/totbid2026.org\/en\/wp-json\/wp\/v2\/users\/1"}],"replies":[{"embeddable":true,"href":"https:\/\/totbid2026.org\/en\/wp-json\/wp\/v2\/comments?post=77"}],"version-history":[{"count":5,"href":"https:\/\/totbid2026.org\/en\/wp-json\/wp\/v2\/pages\/77\/revisions"}],"predecessor-version":[{"id":290,"href":"https:\/\/totbid2026.org\/en\/wp-json\/wp\/v2\/pages\/77\/revisions\/290"}],"wp:attachment":[{"href":"https:\/\/totbid2026.org\/en\/wp-json\/wp\/v2\/media?parent=77"}],"curies":[{"name":"wp","href":"https:\/\/api.w.org\/{rel}","templated":true}]}}