{"id":7,"date":"2026-01-18T20:51:16","date_gmt":"2026-01-18T20:51:16","guid":{"rendered":"https:\/\/totbid2026.org\/?page_id=7"},"modified":"2026-02-18T08:17:36","modified_gmt":"2026-02-18T08:17:36","slug":"ana-sayfa","status":"publish","type":"page","link":"https:\/\/totbid2026.org\/en\/","title":{"rendered":"Home"},"content":{"rendered":"<p>[et_pb_section fb_built=&#8221;1&#8243; fullwidth=&#8221;on&#8221; _builder_version=&#8221;4.17.4&#8243; _module_preset=&#8221;default&#8221; custom_margin_tablet=&#8221;&#8221; custom_margin_phone=&#8221;75px||||false|false&#8221; custom_margin_last_edited=&#8221;on|phone&#8221; global_colors_info=&#8221;{}&#8221;][et_pb_fullwidth_image src=&#8221;http:\/\/totbid2026.org\/wp-content\/uploads\/2026\/01\/banner2-1.jpg&#8221; title_text=&#8221;banner2&#8243; _builder_version=&#8221;4.17.4&#8243; _module_preset=&#8221;default&#8221; global_colors_info=&#8221;{}&#8221;][\/et_pb_fullwidth_image][\/et_pb_section][et_pb_section fb_built=&#8221;1&#8243; _builder_version=&#8221;4.17.4&#8243; _module_preset=&#8221;default&#8221; background_color=&#8221;RGBA(255,255,255,0)&#8221; module_alignment=&#8221;left&#8221; custom_margin=&#8221;-165px||||false|false&#8221; custom_margin_tablet=&#8221;-165px||||false|false&#8221; custom_margin_phone=&#8221;10px||||false|false&#8221; custom_margin_last_edited=&#8221;on|phone&#8221; custom_padding=&#8221;0px||||false|false&#8221; background_color_phone=&#8221;#221e72&#8243; background_last_edited=&#8221;on|phone&#8221; background_enable_color_phone=&#8221;on&#8221; global_colors_info=&#8221;{}&#8221;][et_pb_row column_structure=&#8221;1_2,1_2&#8243; _builder_version=&#8221;4.17.4&#8243; _module_preset=&#8221;default&#8221; module_alignment=&#8221;left&#8221; module_alignment_tablet=&#8221;left&#8221; module_alignment_phone=&#8221;center&#8221; module_alignment_last_edited=&#8221;on|phone&#8221; global_colors_info=&#8221;{}&#8221;][et_pb_column type=&#8221;1_2&#8243; _builder_version=&#8221;4.17.4&#8243; _module_preset=&#8221;default&#8221; global_colors_info=&#8221;{}&#8221;][et_pb_countdown_timer title=&#8221;Kongreye Kalan S\u00fcre&#8221; date_time=&#8221;2026-11-03 00:00&#8243; _builder_version=&#8221;4.17.4&#8243; _module_preset=&#8221;default&#8221; header_font_size=&#8221;16px&#8221; numbers_text_color=&#8221;#FFFFFF&#8221; numbers_line_height=&#8221;3px&#8221; label_text_color=&#8221;#FFFFFF&#8221; label_font_size=&#8221;8px&#8221; background_color=&#8221;RGBA(255,255,255,0)&#8221; text_orientation=&#8221;left&#8221; custom_margin=&#8221;|||50px|false|false&#8221; custom_padding=&#8221;0px||||false|false&#8221; animation_style=&#8221;fade&#8221; animation_duration=&#8221;1600ms&#8221; numbers_font_size_tablet=&#8221;&#8221; numbers_font_size_phone=&#8221;22px&#8221; numbers_font_size_last_edited=&#8221;on|phone&#8221; numbers_text_shadow_style=&#8221;preset3&#8243; numbers_text_shadow_blur_strength=&#8221;0.19em&#8221; numbers_text_shadow_color=&#8221;rgba(255,255,255,0.2)&#8221; global_colors_info=&#8221;{}&#8221;][\/et_pb_countdown_timer][\/et_pb_column][et_pb_column type=&#8221;1_2&#8243; _builder_version=&#8221;4.17.4&#8243; _module_preset=&#8221;default&#8221; global_colors_info=&#8221;{}&#8221;][\/et_pb_column][\/et_pb_row][\/et_pb_section][et_pb_section fb_built=&#8221;1&#8243; _builder_version=&#8221;4.17.4&#8243; _module_preset=&#8221;default&#8221; background_color=&#8221;RGBA(255,255,255,0)&#8221; use_background_color_gradient=&#8221;on&#8221; background_color_gradient_stops=&#8221;rgba(255,255,255,0) 0%|#ffffff 27%&#8221; custom_margin=&#8221;-100px||||false|false&#8221; custom_padding=&#8221;41px||||false|false&#8221; global_colors_info=&#8221;{}&#8221;][et_pb_row column_structure=&#8221;1_3,1_3,1_3&#8243; use_custom_gutter=&#8221;on&#8221; gutter_width=&#8221;2&#8243; make_equal=&#8221;on&#8221; _builder_version=&#8221;4.17.4&#8243; _module_preset=&#8221;default&#8221; hover_enabled=&#8221;0&#8243; global_colors_info=&#8221;{}&#8221; sticky_enabled=&#8221;0&#8243;][et_pb_column type=&#8221;1_3&#8243; _builder_version=&#8221;4.17.4&#8243; _module_preset=&#8221;default&#8221; global_colors_info=&#8221;{}&#8221;][et_pb_text _builder_version=&#8221;4.17.4&#8243; _module_preset=&#8221;default&#8221; background_enable_color=&#8221;off&#8221; use_background_color_gradient=&#8221;on&#8221; background_color_gradient_type=&#8221;elliptical&#8221; background_color_gradient_stops=&#8221;#b2e3fa 0%|rgba(89, 177, 237, 1) 63%|#007fe0 100%&#8221; min_height=&#8221;250px&#8221; custom_padding=&#8221;50px||50px||false|false&#8221; animation_style=&#8221;slide&#8221; animation_direction=&#8221;top&#8221; border_radii=&#8221;on|10px|10px|10px|10px&#8221; box_shadow_style=&#8221;preset1&#8243; global_colors_info=&#8221;{}&#8221; content__hover_enabled=&#8221;on|hover&#8221; content__hover=&#8221;<\/p>\n<p style=%22text-align: center;%22><span style=%22color: #0b0b45;%22><\/span><\/p>\n<p style=%22text-align: center;%22><span style=%22color: #0b0b45;%22><\/span><\/p>\n<p style=%22text-align: center;%22><span style=%22color: #0b0b45;%22><strong>Bilimsel program<\/strong> <\/span><\/p>\n<p style=%22text-align: center;%22><span style=%22color: #0b0b45;%22>\u0130lerleyen g\u00fcnlerde yay\u0131nlanacakt\u0131r.<\/span><\/p>\n<p>&#8221; background__hover_enabled=&#8221;on|hover&#8221; use_background_color_gradient__hover=&#8221;off&#8221; background_color__hover=&#8221;#E09900&#8243; background_enable_color__hover=&#8221;on&#8221;]<\/p>\n<p><img loading=\"lazy\" decoding=\"async\" src=\"http:\/\/totbid2026.org\/wp-content\/uploads\/2026\/01\/Varlik-4.png\" width=\"136\" height=\"90\" style=\"display: block; margin-left: auto; margin-right: auto;\" \/><\/p>\n<p>&nbsp;<\/p>\n<p>[\/et_pb_text][et_pb_button button_url=&#8221;\/bilimsel-program&#8221; button_text=&#8221;B\u0130L\u0130MSEL PROGRAM&#8221; button_alignment=&#8221;center&#8221; _builder_version=&#8221;4.17.4&#8243; _module_preset=&#8221;default&#8221; custom_button=&#8221;on&#8221; button_text_size=&#8221;14px&#8221; button_text_color=&#8221;#0b0b45&#8243; button_border_width=&#8221;0px&#8221; button_font=&#8221;|700|||||||&#8221; custom_margin=&#8221;-100px||||false|false&#8221; custom_margin_tablet=&#8221;-100px||||false|false&#8221; custom_margin_phone=&#8221;||40px||false|false&#8221; custom_margin_last_edited=&#8221;on|desktop&#8221; hover_enabled=&#8221;0&#8243; global_colors_info=&#8221;{}&#8221; animation_style=&#8221;fade&#8221; animation_direction=&#8221;bottom&#8221; animation_delay=&#8221;200ms&#8221; sticky_enabled=&#8221;0&#8243;][\/et_pb_button][\/et_pb_column][et_pb_column type=&#8221;1_3&#8243; _builder_version=&#8221;4.17.4&#8243; _module_preset=&#8221;default&#8221; global_colors_info=&#8221;{}&#8221;][et_pb_text _builder_version=&#8221;4.17.4&#8243; _module_preset=&#8221;default&#8221; background_color=&#8221;#AADB24&#8243; use_background_color_gradient=&#8221;on&#8221; background_color_gradient_type=&#8221;elliptical&#8221; background_color_gradient_stops=&#8221;#b2e3fa 0%|rgba(89, 177, 237, 1) 63%|#007fe0 100%&#8221; min_height=&#8221;250px&#8221; custom_padding=&#8221;50px||50px||false|false&#8221; animation_style=&#8221;slide&#8221; animation_direction=&#8221;top&#8221; hover_enabled=&#8221;0&#8243; border_radii=&#8221;on|10px|10px|10px|10px&#8221; box_shadow_style=&#8221;preset1&#8243; global_colors_info=&#8221;{}&#8221; content__hover_enabled=&#8221;on|hover&#8221; content__hover=&#8221;<\/p>\n<p style=%22text-align: center;%22><span style=%22color: #0b0b45;%22><\/span><\/p>\n<p style=%22text-align: center;%22><span style=%22color: #0b0b45;%22>Erken kay\u0131t i\u00e7in son tarih: <strong>1 Temmuz 2026<\/strong> <\/span><\/p>\n<p style=%22text-align: center;%22><span style=%22color: #0b0b45;%22><\/span><\/p>\n<p style=%22text-align: center;%22><span style=%22color: #0b0b45;%22>Kay\u0131t &#038; konaklama<br \/><\/span><span style=%22color: #0b0b45;%22>detaylar\u0131 i\u00e7in <span style=%22text-decoration: underline;%22>t\u0131klay\u0131n\u0131z<\/span>.<\/span><\/p>\n<p>&#8221; background__hover_enabled=&#8221;on|hover&#8221; use_background_color_gradient__hover=&#8221;off&#8221; sticky_enabled=&#8221;0&#8243;]<\/p>\n<p><img loading=\"lazy\" decoding=\"async\" src=\"http:\/\/totbid2026.org\/wp-content\/uploads\/2026\/01\/Varlik-6.png\" width=\"79\" height=\"90\" alt=\"\" class=\"wp-image-26 alignnone size-full\" style=\"display: block; margin-left: auto; margin-right: auto;\" srcset=\"https:\/\/totbid2026.org\/wp-content\/uploads\/2026\/01\/Varlik-6.png 297w, https:\/\/totbid2026.org\/wp-content\/uploads\/2026\/01\/Varlik-6-264x300.png 264w\" sizes=\"auto, (max-width: 79px) 100vw, 79px\" \/><\/p>\n<p>[\/et_pb_text][et_pb_button button_url=&#8221;\/kayit-konaklama&#8221; button_text=&#8221;KAYIT KONAKLAMA&#8221; button_alignment=&#8221;center&#8221; _builder_version=&#8221;4.17.4&#8243; _module_preset=&#8221;default&#8221; custom_button=&#8221;on&#8221; button_text_size=&#8221;14px&#8221; button_text_color=&#8221;#0b0b45&#8243; button_border_width=&#8221;0px&#8221; button_font=&#8221;|700|||||||&#8221; custom_margin=&#8221;-100px||||false|false&#8221; custom_margin_tablet=&#8221;-100px||||false|false&#8221; custom_margin_phone=&#8221;||40px||false|false&#8221; custom_margin_last_edited=&#8221;on|desktop&#8221; hover_enabled=&#8221;0&#8243; global_colors_info=&#8221;{}&#8221; animation_style=&#8221;fade&#8221; animation_direction=&#8221;bottom&#8221; animation_delay=&#8221;200ms&#8221; sticky_enabled=&#8221;0&#8243;][\/et_pb_button][\/et_pb_column][et_pb_column type=&#8221;1_3&#8243; _builder_version=&#8221;4.17.4&#8243; _module_preset=&#8221;default&#8221; global_colors_info=&#8221;{}&#8221;][et_pb_text _builder_version=&#8221;4.17.4&#8243; _module_preset=&#8221;default&#8221; background_enable_color=&#8221;off&#8221; use_background_color_gradient=&#8221;on&#8221; background_color_gradient_type=&#8221;elliptical&#8221; background_color_gradient_stops=&#8221;#b2e3fa 0%|rgba(89, 177, 237, 1) 63%|#007fe0 100%&#8221; min_height=&#8221;250px&#8221; custom_padding=&#8221;50px|10px|50px|10px|false|false&#8221; animation_style=&#8221;slide&#8221; animation_direction=&#8221;top&#8221; hover_enabled=&#8221;0&#8243; border_radii=&#8221;on|10px|10px|10px|10px&#8221; box_shadow_style=&#8221;preset1&#8243; global_colors_info=&#8221;{}&#8221; content__hover_enabled=&#8221;on|desktop&#8221; content__hover=&#8221;<\/p>\n<p style=%22text-align: center;%22><span style=%22color: #0b0b45;%22><\/span><\/p>\n<p style=%22text-align: center;%22><span style=%22color: #0b0b45;%22><\/span><\/p>\n<p style=%22text-align: center;%22><span style=%22color: #0b0b45;%22><strong>Bildiri G\u00f6nderimi<\/strong> <\/span><\/p>\n<p style=%22text-align: center;%22><span style=%22color: #0b0b45;%22>Bildiri sistemimiz \u00f6n\u00fcm\u00fczdeki g\u00fcnlerde a\u00e7\u0131lacakt\u0131r.<\/span><\/p>\n<p style=%22text-align: center;%22>&#8221; background__hover_enabled=&#8221;on|hover&#8221; use_background_color_gradient__hover=&#8221;off&#8221; background_color__hover=&#8221;#E09900&#8243; background_enable_color__hover=&#8221;on&#8221; sticky_enabled=&#8221;0&#8243;]<\/p>\n<p><img loading=\"lazy\" decoding=\"async\" src=\"http:\/\/totbid2026.org\/wp-content\/uploads\/2026\/01\/Varlik-5-300x265.png\" width=\"104\" height=\"92\" alt=\"\" class=\"wp-image-27 alignnone size-medium\" style=\"display: block; margin-left: auto; margin-right: auto;\" srcset=\"https:\/\/totbid2026.org\/wp-content\/uploads\/2026\/01\/Varlik-5-300x265.png 300w, https:\/\/totbid2026.org\/wp-content\/uploads\/2026\/01\/Varlik-5.png 382w\" sizes=\"auto, (max-width: 104px) 100vw, 104px\" \/><\/p>\n<p>[\/et_pb_text][et_pb_button button_url=&#8221;\/bildiri-gonderimi&#8221; button_text=&#8221;B\u0130LD\u0130R\u0130 G\u00d6NDER\u0130M\u0130&#8221; button_alignment=&#8221;center&#8221; _builder_version=&#8221;4.17.4&#8243; _module_preset=&#8221;default&#8221; custom_button=&#8221;on&#8221; button_text_size=&#8221;14px&#8221; button_text_color=&#8221;#0b0b45&#8243; button_border_width=&#8221;0px&#8221; button_font=&#8221;|700|||||||&#8221; custom_margin=&#8221;-100px||||false|false&#8221; custom_margin_tablet=&#8221;-100px||||false|false&#8221; custom_margin_phone=&#8221;||40px||false|false&#8221; custom_margin_last_edited=&#8221;on|desktop&#8221; hover_enabled=&#8221;0&#8243; global_colors_info=&#8221;{}&#8221; animation_style=&#8221;fade&#8221; animation_direction=&#8221;bottom&#8221; animation_delay=&#8221;200ms&#8221; sticky_enabled=&#8221;0&#8243;][\/et_pb_button][\/et_pb_column][\/et_pb_row][et_pb_row _builder_version=&#8221;4.17.4&#8243; _module_preset=&#8221;default&#8221; background_color=&#8221;#221e72&#8243; custom_margin=&#8221;36px||||false|false&#8221; custom_padding=&#8221;||||false|false&#8221; border_radii=&#8221;on|10px|10px|10px|10px&#8221; global_colors_info=&#8221;{}&#8221;][et_pb_column type=&#8221;4_4&#8243; _builder_version=&#8221;4.17.4&#8243; _module_preset=&#8221;default&#8221; global_colors_info=&#8221;{}&#8221;][et_pb_text _builder_version=&#8221;4.17.4&#8243; _module_preset=&#8221;default&#8221; text_font=&#8221;||||||||&#8221; text_text_color=&#8221;#FFFFFF&#8221; text_font_size=&#8221;17px&#8221; text_line_height=&#8221;1.8em&#8221; custom_margin=&#8221;||15px|||&#8221; custom_padding=&#8221;50px|75px||75px|false|false&#8221; custom_padding_tablet=&#8221;50px|75px||75px|false|false&#8221; custom_padding_phone=&#8221;|20px||20px|false|false&#8221; custom_padding_last_edited=&#8221;on|phone&#8221; text_font_size_tablet=&#8221;17px&#8221; text_font_size_phone=&#8221;12px&#8221; text_font_size_last_edited=&#8221;on|phone&#8221; global_colors_info=&#8221;{}&#8221;]<\/p>\n<h2><span style=\"color: #ffffff;\"><strong>DAVET<\/strong><\/span><\/h2>\n<p>De\u011ferli Meslekta\u015flar\u0131m\u0131z, K\u0131ymetli Ortopedi ve Travmatoloji Ailesi,<\/p>\n<p style=\"text-align: justify;\">Sizleri, <strong>T\u00fcrk Ortopedi ve Travmatoloji Birli\u011fi Derne\u011fi (TOTB\u0130D)<\/strong> \u00e7at\u0131s\u0131 alt\u0131nda, <strong>3-8 Kas\u0131m 2026<\/strong> tarihleri aras\u0131nda, Antalya\u2019n\u0131n e\u015fsiz do\u011fas\u0131nda yer alan Sueno Belek Kongre Merkezi\u2019nde ger\u00e7ekle\u015ftirece\u011fimiz <strong>35. Ulusal Kongremiz<\/strong>de a\u011f\u0131rlayacak olman\u0131n heyecan\u0131n\u0131 ya\u015f\u0131yoruz.<\/p>\n<p style=\"text-align: justify;\">Bu y\u0131lki ana temam\u0131z\u0131, \u00e7a\u011f\u0131m\u0131z\u0131n ruhunu ve mesle\u011fimizin gelece\u011fini yans\u0131tan bir vizyonla belirledik:<br \/><strong>&#8220;Kay\u0131ttan Kan\u0131ta: Ortopedi ve Travmatolojide Veri ile D\u00f6n\u00fc\u015f\u00fcm.&#8221;<\/strong><\/p>\n<p>[\/et_pb_text][et_pb_button button_url=&#8221;\/davet&#8221; button_text=&#8221;Devam\u0131 i\u00e7in t\u0131klay\u0131n\u0131z&#8221; _builder_version=&#8221;4.17.4&#8243; _module_preset=&#8221;default&#8221; custom_button=&#8221;on&#8221; button_text_size=&#8221;14px&#8221; button_text_color=&#8221;#FFFFFF&#8221; button_bg_color=&#8221;#E09900&#8243; button_border_width=&#8221;0px&#8221; button_border_radius=&#8221;10px&#8221; button_font=&#8221;|700|||||||&#8221; custom_margin=&#8221;37px|||75px|false|false&#8221; custom_padding=&#8221;||||false|false&#8221; global_colors_info=&#8221;{}&#8221;][\/et_pb_button][\/et_pb_column][\/et_pb_row][\/et_pb_section]<\/p>\n","protected":false},"excerpt":{"rendered":"<p>&nbsp;DAVET De\u011ferli Meslekta\u015flar\u0131m\u0131z, K\u0131ymetli Ortopedi ve Travmatoloji Ailesi, Sizleri, T\u00fcrk Ortopedi ve Travmatoloji Birli\u011fi Derne\u011fi (TOTB\u0130D) \u00e7at\u0131s\u0131 alt\u0131nda, 3-8 Kas\u0131m 2026 tarihleri aras\u0131nda, Antalya\u2019n\u0131n e\u015fsiz do\u011fas\u0131nda yer alan Sueno Belek Kongre Merkezi\u2019nde ger\u00e7ekle\u015ftirece\u011fimiz 35. Ulusal Kongremizde a\u011f\u0131rlayacak olman\u0131n heyecan\u0131n\u0131 ya\u015f\u0131yoruz. Bu y\u0131lki ana temam\u0131z\u0131, \u00e7a\u011f\u0131m\u0131z\u0131n ruhunu ve mesle\u011fimizin gelece\u011fini yans\u0131tan bir vizyonla belirledik:&#8221;Kay\u0131ttan Kan\u0131ta: Ortopedi [&hellip;]<\/p>\n","protected":false},"author":1,"featured_media":0,"parent":0,"menu_order":0,"comment_status":"closed","ping_status":"closed","template":"","meta":{"_et_pb_use_builder":"on","_et_pb_old_content":"","_et_gb_content_width":"","footnotes":""},"class_list":["post-7","page","type-page","status-publish","hentry"],"_links":{"self":[{"href":"https:\/\/totbid2026.org\/en\/wp-json\/wp\/v2\/pages\/7","targetHints":{"allow":["GET"]}}],"collection":[{"href":"https:\/\/totbid2026.org\/en\/wp-json\/wp\/v2\/pages"}],"about":[{"href":"https:\/\/totbid2026.org\/en\/wp-json\/wp\/v2\/types\/page"}],"author":[{"embeddable":true,"href":"https:\/\/totbid2026.org\/en\/wp-json\/wp\/v2\/users\/1"}],"replies":[{"embeddable":true,"href":"https:\/\/totbid2026.org\/en\/wp-json\/wp\/v2\/comments?post=7"}],"version-history":[{"count":31,"href":"https:\/\/totbid2026.org\/en\/wp-json\/wp\/v2\/pages\/7\/revisions"}],"predecessor-version":[{"id":285,"href":"https:\/\/totbid2026.org\/en\/wp-json\/wp\/v2\/pages\/7\/revisions\/285"}],"wp:attachment":[{"href":"https:\/\/totbid2026.org\/en\/wp-json\/wp\/v2\/media?parent=7"}],"curies":[{"name":"wp","href":"https:\/\/api.w.org\/{rel}","templated":true}]}}