{"id":63,"date":"2026-01-20T11:28:26","date_gmt":"2026-01-20T11:28:26","guid":{"rendered":"https:\/\/totbid2026.org\/?page_id=63"},"modified":"2026-01-30T09:19:48","modified_gmt":"2026-01-30T09:19:48","slug":"dernek-yonetim-kurulu","status":"publish","type":"page","link":"https:\/\/totbid2026.org\/en\/dernek-yonetim-kurulu\/","title":{"rendered":"Board of Directors"},"content":{"rendered":"<p>[et_pb_section fb_built=&#8221;1&#8243; fullwidth=&#8221;on&#8221; _builder_version=&#8221;4.17.4&#8243; _module_preset=&#8221;default&#8221; use_background_color_gradient=&#8221;on&#8221; background_color_gradient_stops=&#8221;#221e72 0%|#008cd1 100%&#8221; global_colors_info=&#8221;{}&#8221;][et_pb_fullwidth_post_title meta=&#8221;off&#8221; featured_image=&#8221;off&#8221; _builder_version=&#8221;4.17.4&#8243; _module_preset=&#8221;default&#8221; title_font=&#8221;|700|||||||&#8221; title_text_color=&#8221;#FFFFFF&#8221; custom_padding=&#8221;167px|||||&#8221; global_colors_info=&#8221;{}&#8221;][\/et_pb_fullwidth_post_title][\/et_pb_section][et_pb_section fb_built=&#8221;1&#8243; _builder_version=&#8221;4.17.4&#8243; _module_preset=&#8221;default&#8221; custom_margin=&#8221;17px|||||&#8221; global_colors_info=&#8221;{}&#8221;][et_pb_row use_custom_gutter=&#8221;on&#8221; _builder_version=&#8221;4.17.4&#8243; _module_preset=&#8221;default&#8221; global_colors_info=&#8221;{}&#8221;][et_pb_column type=&#8221;4_4&#8243; _builder_version=&#8221;4.17.4&#8243; _module_preset=&#8221;default&#8221; global_colors_info=&#8221;{}&#8221;][et_pb_text content_tablet=&#8221;<\/p>\n<table style=%22width: 70%; border: none;%22 border=%220%22 class=%22kurul%22>\n<tbody>\n<tr>\n<td style=%22width: 40%;%22><strong>Ba\u015fkan<\/strong><\/td>\n<td>Dr. \u00d6nder Kalenderer<\/td>\n<\/tr>\n<tr>\n<td style=%22width: 40%;%22><strong>Bir \u00d6nceki Ba\u015fkan<\/strong><\/td>\n<td>Dr. Mehmet Demirhan<\/td>\n<\/tr>\n<tr>\n<td style=%22width: 40%;%22><strong>Ba\u015fkan Yard\u0131mc\u0131s\u0131<\/strong><\/td>\n<td>Dr. G\u00fczelali \u00d6zdemir<\/td>\n<\/tr>\n<tr>\n<td style=%22width: 40%;%22><strong>Genel Sekreter<\/strong><\/td>\n<td>Dr. Melekper Elcil Kaya Bi\u00e7er<\/td>\n<\/tr>\n<tr>\n<td style=%22width: 40%;%22><strong>Sayman<\/strong><\/td>\n<td>Dr. M. Baybars Atao\u011flu<\/td>\n<\/tr>\n<tr>\n<td style=%22width: 40%;%22><strong>\u00dcyeler<\/strong><\/td>\n<td>Dr. Mehmet Akif Altay<br \/>Dr. Nevres H\u00fcrriyet Aydo\u011fan<br \/>Dr. Serkan Aykut<br \/>Dr. Adnan Kara<br \/>Dr. Ali Turgut<\/td>\n<\/tr>\n<\/tbody>\n<\/table>\n<p>&#8221; content_phone=&#8221;<\/p>\n<table style=%22width: 100%; border: none;%22 border=%220%22 class=%22kurul%22>\n<tbody>\n<tr>\n<td width=%2236%%22><strong>Ba\u015fkan<\/strong><\/td>\n<td>Dr. \u00d6nder Kalenderer<\/td>\n<\/tr>\n<tr>\n<td ><strong>Bir \u00d6nceki Ba\u015fkan<\/strong><\/td>\n<td>Dr. Mehmet Demirhan<\/td>\n<\/tr>\n<tr>\n<td ><strong>Ba\u015fkan Yard\u0131mc\u0131s\u0131<\/strong><\/td>\n<td>Dr. G\u00fczelali \u00d6zdemir<\/td>\n<\/tr>\n<tr>\n<td><strong>Genel Sekreter<\/strong><\/td>\n<td>Dr. Melekper Elcil Kaya Bi\u00e7er<\/td>\n<\/tr>\n<tr>\n<td ><strong>Sayman<\/strong><\/td>\n<td>Dr. M. Baybars Atao\u011flu<\/td>\n<\/tr>\n<tr>\n<td ><strong>\u00dcyeler<\/strong><\/td>\n<td>Dr. Mehmet Akif Altay<br \/>Dr. Nevres H\u00fcrriyet Aydo\u011fan<br \/>Dr. Serkan Aykut<br \/>Dr. Adnan Kara<br \/>Dr. Ali Turgut<\/td>\n<\/tr>\n<\/tbody>\n<\/table>\n<p>&#8221; content_last_edited=&#8221;on|phone&#8221; _builder_version=&#8221;4.17.4&#8243; _module_preset=&#8221;default&#8221; text_text_color=&#8221;#211d71&#8243; text_font_size=&#8221;15px&#8221; hover_enabled=&#8221;0&#8243; text_font_size_last_edited=&#8221;on|phone&#8221; global_colors_info=&#8221;{}&#8221; sticky_enabled=&#8221;0&#8243; text_font_size_phone=&#8221;12px&#8221; text_font_size_tablet=&#8221;15px&#8221;]<\/p>\n<table style=\"width: 70%; border: none;\" border=\"0\" class=\"kurul\">\n<tbody>\n<tr>\n<td style=\"width: 40%;\"><strong>Ba\u015fkan<\/strong><\/td>\n<td>Dr. \u00d6nder Kalenderer<\/td>\n<\/tr>\n<tr>\n<td style=\"width: 40%;\"><strong>Bir \u00d6nceki Ba\u015fkan<\/strong><\/td>\n<td>Dr. Mehmet Demirhan<\/td>\n<\/tr>\n<tr>\n<td style=\"width: 40%;\"><strong>Ba\u015fkan Yard\u0131mc\u0131s\u0131<\/strong><\/td>\n<td>Dr. G\u00fczelali \u00d6zdemir<\/td>\n<\/tr>\n<tr>\n<td style=\"width: 40%;\"><strong>Genel Sekreter<\/strong><\/td>\n<td>Dr. Melekper Elcil Kaya Bi\u00e7er<\/td>\n<\/tr>\n<tr>\n<td style=\"width: 40%;\"><strong>Sayman<\/strong><\/td>\n<td>Dr. M. Baybars Atao\u011flu<\/td>\n<\/tr>\n<tr>\n<td style=\"width: 40%;\"><strong>\u00dcyeler<\/strong><\/td>\n<td>Dr. Mehmet Akif Altay<br \/>Dr. Nevres H\u00fcrriyet Aydo\u011fan<br \/>Dr. Serkan Aykut<br \/>Dr. Adnan Kara<br \/>Dr. Ali Turgut<\/td>\n<\/tr>\n<\/tbody>\n<\/table>\n<p>[\/et_pb_text][\/et_pb_column][\/et_pb_row][\/et_pb_section]<\/p>\n","protected":false},"excerpt":{"rendered":"<p>Ba\u015fkan Dr. \u00d6nder Kalenderer Bir \u00d6nceki Ba\u015fkan Dr. Mehmet Demirhan Ba\u015fkan Yard\u0131mc\u0131s\u0131 Dr. G\u00fczelali \u00d6zdemir Genel Sekreter Dr. Melekper Elcil Kaya Bi\u00e7er Sayman Dr. M. Baybars Atao\u011flu \u00dcyeler Dr. Mehmet Akif AltayDr. Nevres H\u00fcrriyet Aydo\u011fanDr. Serkan AykutDr. Adnan KaraDr. Ali Turgut<\/p>","protected":false},"author":1,"featured_media":0,"parent":0,"menu_order":0,"comment_status":"closed","ping_status":"closed","template":"","meta":{"_et_pb_use_builder":"on","_et_pb_old_content":"","_et_gb_content_width":"","footnotes":""},"class_list":["post-63","page","type-page","status-publish","hentry"],"_links":{"self":[{"href":"https:\/\/totbid2026.org\/en\/wp-json\/wp\/v2\/pages\/63","targetHints":{"allow":["GET"]}}],"collection":[{"href":"https:\/\/totbid2026.org\/en\/wp-json\/wp\/v2\/pages"}],"about":[{"href":"https:\/\/totbid2026.org\/en\/wp-json\/wp\/v2\/types\/page"}],"author":[{"embeddable":true,"href":"https:\/\/totbid2026.org\/en\/wp-json\/wp\/v2\/users\/1"}],"replies":[{"embeddable":true,"href":"https:\/\/totbid2026.org\/en\/wp-json\/wp\/v2\/comments?post=63"}],"version-history":[{"count":17,"href":"https:\/\/totbid2026.org\/en\/wp-json\/wp\/v2\/pages\/63\/revisions"}],"predecessor-version":[{"id":216,"href":"https:\/\/totbid2026.org\/en\/wp-json\/wp\/v2\/pages\/63\/revisions\/216"}],"wp:attachment":[{"href":"https:\/\/totbid2026.org\/en\/wp-json\/wp\/v2\/media?parent=63"}],"curies":[{"name":"wp","href":"https:\/\/api.w.org\/{rel}","templated":true}]}}