{"id":230,"date":"2026-02-11T14:02:31","date_gmt":"2026-02-11T14:02:31","guid":{"rendered":"https:\/\/totbid2026.org\/?page_id=230"},"modified":"2026-04-08T11:39:30","modified_gmt":"2026-04-08T11:39:30","slug":"bildiri-gonderimi","status":"publish","type":"page","link":"https:\/\/totbid2026.org\/en\/bildiri-gonderimi\/","title":{"rendered":"Abstract Submission"},"content":{"rendered":"<p>[et_pb_section fb_built=&#8221;1&#8243; fullwidth=&#8221;on&#8221; _builder_version=&#8221;4.17.4&#8243; _module_preset=&#8221;default&#8221; use_background_color_gradient=&#8221;on&#8221; background_color_gradient_stops=&#8221;#221e72 0%|#008cd1 100%&#8221; global_colors_info=&#8221;{}&#8221;][et_pb_fullwidth_post_title meta=&#8221;off&#8221; featured_image=&#8221;off&#8221; _builder_version=&#8221;4.17.4&#8243; _module_preset=&#8221;default&#8221; title_font=&#8221;|700|||||||&#8221; title_text_color=&#8221;#FFFFFF&#8221; custom_padding=&#8221;167px|||||&#8221; global_colors_info=&#8221;{}&#8221;][\/et_pb_fullwidth_post_title][\/et_pb_section][et_pb_section fb_built=&#8221;1&#8243; _builder_version=&#8221;4.17.4&#8243; _module_preset=&#8221;default&#8221; custom_margin=&#8221;17px|||||&#8221; global_colors_info=&#8221;{}&#8221;][et_pb_row use_custom_gutter=&#8221;on&#8221; _builder_version=&#8221;4.17.4&#8243; _module_preset=&#8221;default&#8221; global_colors_info=&#8221;{}&#8221;][et_pb_column type=&#8221;4_4&#8243; _builder_version=&#8221;4.17.4&#8243; _module_preset=&#8221;default&#8221; global_colors_info=&#8221;{}&#8221;][et_pb_text _builder_version=&#8221;4.17.4&#8243; _module_preset=&#8221;default&#8221; text_text_color=&#8221;#211d71&#8243; text_font_size_tablet=&#8221;&#8221; text_font_size_phone=&#8221;&#8221; text_font_size_last_edited=&#8221;on|desktop&#8221; global_colors_info=&#8221;{}&#8221;]<\/p>\n<p><a href=\"https:\/\/www.abstractmodule.com\/2026totbid\/?plng=tur\" target=\"_blank\" rel=\"noopener\"> <img loading=\"lazy\" decoding=\"async\" src=\"https:\/\/totbid2026.org\/wp-content\/uploads\/2026\/02\/online_bildiri_ozeti_sistemi_button_tr1.png\" width=\"129\" height=\"70\" alt=\"\" class=\"wp-image-233 alignnone size-full\" \/><\/a><\/p>\n<p><strong>Bildiri G\u00f6nderme Ko\u015fullar\u0131<\/strong><\/p>\n<ul type=\"square\">\n<li>Bildiri \u00f6zetleri 15 \u015eubat 2026 tarihinden itibaren kabul edilmeye ba\u015flanacakt\u0131r. Son bildiri g\u00f6nderim tarihi 1 Haziran 2026\u2018t\u0131r.<\/li>\n<li>Bildirilerin www.totbid2026.org adresi \u00fczerinden sisteme girilmesi kongrenin tek ge\u00e7erli bildiri g\u00f6nderim \u015feklidir. Sistemden ba\u011f\u0131ms\u0131z faks veya e-posta yolu ile g\u00f6nderilen bildiri \u00f6zetleri de\u011ferlendirmeye al\u0131nmayacakt\u0131r.<\/li>\n<li>Bildiri \u00f6zetleri bilimsel kurul taraf\u0131ndan de\u011ferlendirilecektir. Bildirilerin bilimsel kurul taraf\u0131ndan incelendikten sonra s\u00f6zl\u00fc veya poster sunumu olarak yap\u0131lmas\u0131na karar verilecektir. Bildiri sonu\u00e7lar\u0131 e-posta yolu ile bildiriyi y\u00fckleyen yazara g\u00f6nderilecektir.<\/li>\n<li>Yazarlar sunum tercihleri ile ilgili olarak\n<ul type=\"square\">\n<li>a-s\u00f6zl\u00fc sunum,<\/li>\n<li>b-poster,<\/li>\n<li>c-s\u00f6zl\u00fc sunum veya poster<br \/>olmak \u00fczere \u00fc\u00e7 se\u00e7enekten birini i\u015faretlemek zorundad\u0131r.<\/li>\n<\/ul>\n<\/li>\n<li>Notlar k\u0131sm\u0131na t\u00fcm bildiri yazarlar\u0131n\u0131n <strong>e-posta adreslerinin ve ORCID lerinin<\/strong> girilmesi zorunludur.<\/li>\n<li>Bildiriyi y\u00fckleyen yazar <strong>bildiriden sorumlu yazar<\/strong> olarak kabul edilip yaz\u0131\u015fmalar bildiriyi y\u00fckleyen yazar ile s\u00fcrd\u00fcr\u00fclecektir. Bildiriyi sunacak olan yazar ad\u0131n\u0131n alt\u0131 \u00e7izilerek y\u00fckleme s\u0131ras\u0131nda tan\u0131mlanmas\u0131 gerekir.<\/li>\n<li>Tek merkezli \u00e7al\u0131\u015fmalardan \u00fcretilen bir bildiride <strong>en fazla 6 yazar<\/strong> yer alabilir. <strong>\u00c7ok merkezli<\/strong> bildirilerde yazar say\u0131s\u0131 10\u2019u (on) a\u015famaz. Yazar s\u0131ralamas\u0131 g\u00f6nderim sonras\u0131 de\u011fi\u015ftirilemez.<\/li>\n<li>Yazarlar bildiri y\u00fcklenme an\u0131nda bildirilerinin bir akademik dergide yay\u0131nlanmam\u0131\u015f oldu\u011funu beyan ederler.<\/li>\n<li>Sorumlu yazar, g\u00f6nderilen \u00f6zetin do\u011frulu\u011fu ve bilimsel b\u00fct\u00fcnl\u00fc\u011f\u00fcnden sorumludur.<\/li>\n<li>Sorumlu yazar, t\u00fcm yaz\u0131\u015fmalar i\u00e7in birincil irtibat ki\u015fisi olarak g\u00f6rev yapmay\u0131 ve ortak yazarlar\u0131 \u00f6zetin durumu hakk\u0131nda bilgilendirmeyi kabul eder.<\/li>\n<li>Sorumlu yazar, t\u00fcm ortak yazarlar\u0131n \u00f6zet i\u00e7eri\u011finden haberdar oldu\u011funu, verileri destekledi\u011fini ve g\u00f6nderim i\u00e7in izin verdi\u011fini teyit eder. Bu iznin kan\u0131t\u0131 talep \u00fczerine sunulmal\u0131d\u0131r.<\/li>\n<li>\u00d6zette belirtilen \u00fcr\u00fcnler veya s\u00fcre\u00e7lerle ilgili herhangi bir mali \u00e7\u0131kar beyan edilmelidir.<\/li>\n<\/ul>\n<p><strong>Bildiri \u00f6zeti haz\u0131rlan\u0131rken \u015fu noktalara dikkat edilmelidir:<\/strong><br \/>1. A\u015fa\u011f\u0131daki bildiri t\u00fcrleri kabul edilir:<\/p>\n<ul style=\"list-style-type: lower-alpha;\">\n<li>Klinik ara\u015ft\u0131rma<\/li>\n<li>Deneysel ara\u015ft\u0131rma<\/li>\n<li>Retrospektif \/ Prospektif klinik \u00e7al\u0131\u015fma<\/li>\n<li>Teknik not \/ cerrahi teknik (Sadece <strong>Poster<\/strong>)<\/li>\n<li>Olgu sunumu (en az 3 olgu, literat\u00fcre katk\u0131 \u015fart\u0131 ile; Sadece <strong>Poster<\/strong>)<\/li>\n<li>Sistematik derleme ve meta-analizler (Sadece <strong>Poster<\/strong>).<\/li>\n<\/ul>\n<p>2. Bildiri kategorisi a\u015fa\u011f\u0131daki listeden se\u00e7ilmelidir:<\/p>\n<ul style=\"list-style-type: lower-alpha;\">\n<li>Genel ortopedi<\/li>\n<li>Artroplasti<\/li>\n<li>Artroskopi ve spor yaralanmalar\u0131<\/li>\n<li>Ayak ve ayak bile\u011fi cerrahisi<\/li>\n<li>Ekstremite rekonstr\u00fcksiyonu ve eksternal fiksasyon<\/li>\n<li>El ve mikrocerrahi<\/li>\n<li>Omurga cerrahisi<\/li>\n<li>Omuz ve dirsek cerrahisi<\/li>\n<li>Ortopedik travmatoloji<\/li>\n<li>Pediatrik ortopedi<\/li>\n<li>Ortopedik onkoloji cerrahisi<\/li>\n<\/ul>\n<p>3. Bildiriler haz\u0131rlan\u0131rken dikkat edilmesi gereken \u00f6zellikler:<\/p>\n<ul>\n<li>Ba\u015fl\u0131k ve yazar adlar\u0131 kal\u0131n yaz\u0131lmal\u0131d\u0131r.<\/li>\n<li>Sunumu yapan yazar\u0131n ad\u0131 alt\u0131 \u00e7izili olmal\u0131d\u0131r.<\/li>\n<li>Kurumsal ba\u011flant\u0131lar italik olarak yaz\u0131lmal\u0131 ve \u015fu s\u0131rayla verilmelidir: B\u00f6l\u00fcm, \u00fcniversite\/fak\u00fclte, \u015fehir, \u00fclke.<\/li>\n<li>\u00d6zet: Ba\u015fl\u0131k, Anahtar kelimeler, G\u00f6vdeden olu\u015fmal\u0131\u00a0\n<ul style=\"list-style-type: lower-alpha;\">\n<li><strong>Bildiri Ba\u015fl\u0131\u011f\u0131: <\/strong>K\u0131sa ve \u00f6z olmal\u0131d\u0131r; b\u00fcy\u00fck harf kullan\u0131m\u0131 yaln\u0131zca \u00f6zel isimler, k\u0131saltmalar ve c\u00fcmlenin ilk harfi i\u00e7in ge\u00e7erlidir. Ticari isimler, standart d\u0131\u015f\u0131 k\u0131saltmalar veya yazar adlar\u0131 ba\u015fl\u0131kta kullan\u0131lmamal\u0131 ve 200 karakteri (bo\u015fluklar dahil) ge\u00e7memelidir.<\/li>\n<li><strong>Anahtar S\u00f6zc\u00fckler<\/strong>: En az 3, en fazla 7 tane \u00e7al\u0131\u015fman\u0131z\u0131 tan\u0131mlay\u0131c\u0131 taranmas\u0131na yard\u0131mc\u0131 olacak s\u00f6zc\u00fck.<\/li>\n<li><strong>G\u00f6vde<\/strong>: \u00d6zet yaz\u0131l\u0131rken Arka plan, Ama\u00e7, Y\u00f6ntem, Bulgular ve \u00c7\u0131kar\u0131m b\u00f6l\u00fcmleri olmal\u0131d\u0131r. \u00d6zetin uzunlu\u011fu 2750 karakteri ge\u00e7memelidir.<\/li>\n<ul style=\"list-style-type: lower-roman;\">\n<li><strong>Arka Plan<\/strong> \u00c7al\u0131\u015fman\u0131za neden ihtiya\u00e7 duyuluyor? Halihaz\u0131rda neler biliyoruz ve hangi eksiklikler var?<\/li>\n<li><strong>Ama\u00e7<\/strong> \u00c7al\u0131\u015fman\u0131z\u0131n cevaplamay\u0131 ama\u00e7lad\u0131\u011f\u0131 ara\u015ft\u0131rma sorusu nedir?<\/li>\n<li><strong>Y\u00f6ntem<\/strong> b\u00f6l\u00fcm\u00fcnde olgu\/denek say\u0131s\u0131, kullan\u0131lan klinik, tan\u0131sal ve deneysel y\u00f6ntemler, kullan\u0131lan istatistik y\u00f6ntem(ler) anla\u015f\u0131l\u0131r bir \u015fekilde tan\u0131mlayarak \u00e7al\u0131\u015fman\u0131n nas\u0131l y\u00fcr\u00fct\u00fcld\u00fc\u011f\u00fcn\u00fc \u00f6zetleyin.<\/li>\n<li><strong>Bulgular<\/strong> b\u00f6l\u00fcm\u00fcnde elde edilen niceliksel ya da niteliksel veriler ve varsa istatistiksel sonu\u00e7lar verilmelidir.\n<ul>\n<li>En fazla 1 tablo ve\/veya 1 \u015fekil i\u00e7erebilir.<\/li>\n<li>Tablolar en fazla 10 sat\u0131r ve 10 s\u00fctunla s\u0131n\u0131rl\u0131d\u0131r.<\/li>\n<li>G\u00f6rsellerin \u00e7\u00f6z\u00fcn\u00fcrl\u00fc\u011f\u00fc en az 300 DPI ve boyutu en az 100&#215;100 mm olmal\u0131 ve JPG veya PNG format\u0131nda olmal\u0131d\u0131r.<\/li>\n<li>&#8220;(\u015eekil 1)&#8221; veya &#8220;(Tablo 1)&#8221; gibi metin i\u00e7i al\u0131nt\u0131lar kullanmay\u0131n.<\/li>\n<\/ul>\n<\/li>\n<li><strong>\u00c7\u0131kar\u0131mlar<\/strong> b\u00f6l\u00fcm\u00fcnde elde edilen verilerden hangi sonu\u00e7lara ula\u015f\u0131ld\u0131\u011f\u0131 \u00f6zetlenmeli ve \u00e7al\u0131\u015fman\u0131n bilime katk\u0131s\u0131 irdelenmelidir.<\/li>\n<\/ul>\n<li>Ana metin ve ba\u015fl\u0131k i\u00e7inde yazarlar\u0131n kimlik ve kurum bilgisi bulunmamal\u0131d\u0131r.<\/li>\n<li>Bildiri \u00f6zetinde k\u0131saltmalar kullan\u0131lacaksa, \u00f6zet i\u00e7inde ilk kullan\u0131ld\u0131\u011f\u0131 yerde a\u00e7\u0131k olarak belirtilmelidir.<\/li>\n<li>Hakem de\u011ferlendirmelerinde a\u015fa\u011f\u0131daki konular dikkate al\u0131nmaktad\u0131r, bu noktalar\u0131n dikkate al\u0131nmas\u0131 kabul edilme olas\u0131l\u0131\u011f\u0131n\u0131 art\u0131racakt\u0131r:<\/li>\n<ul style=\"list-style-type: lower-roman;\">\n<li>\u00c7al\u0131\u015fma amac\u0131n\u0131n ge\u00e7erli, anlaml\u0131 ve anla\u015f\u0131l\u0131r olmas\u0131,<\/li>\n<li>Olgu\/denek say\u0131s\u0131n\u0131n yeterli olmas\u0131,<\/li>\n<li>Kullan\u0131lan y\u00f6ntemin anla\u015f\u0131l\u0131r ve di\u011fer ara\u015ft\u0131r\u0131c\u0131lar taraf\u0131ndan tekrarlanabilir olmas\u0131,<\/li>\n<li>Klinik \u00e7al\u0131\u015fmaysa yeterli izlem s\u00fcreli, kontrol gruplu ve prospektif olmas\u0131,<\/li>\n<li>Bulgular\u0131n a\u00e7\u0131k ve anla\u015f\u0131l\u0131r olmas\u0131,<\/li>\n<li>\u0130statistiksel de\u011ferlendirmelerin yap\u0131lm\u0131\u015f olmas\u0131,<\/li>\n<li>Eldeki verinin do\u011fru yorumlanmas\u0131,<\/li>\n<li>Do\u011fru ve anlaml\u0131 \u00e7\u0131kar\u0131mlara var\u0131lm\u0131\u015f olmas\u0131,<\/li>\n<li>\u00c7al\u0131\u015fman\u0131n yeni bilgi\/g\u00f6r\u00fc\u015fler i\u00e7ermesi<\/li>\n<\/ul>\n<\/ul>\n<p>4. 12.07.2024 tarihinde d\u00fczenlenmi\u015f olan TOTB\u0130D Y\u00f6netim Kurulu Toplant\u0131s\u0131\u2019nda al\u0131nan karara istinaden, <strong>\u00a0<u>4 \u2013 9 Kas\u0131m 2025 tarihleri<\/u><\/strong>\u00a0aras\u0131nda d\u00fczenlenen 34. Ulusal T\u00fcrk Ortopedi ve Travmatoloji Kongresi\u2019nde <strong>mazeretsiz olarak sunulmayan<\/strong> \u00e7al\u0131\u015fmalar\u0131n\u00a0<strong>yazarlar\u0131<\/strong>\u00a0taraf\u0131ndan g\u00f6nderilen \u00f6zetler,\u00a035. Ulusal T\u00fcrk Ortopedi ve Travmatoloji Kongresi\u2019nde\u00a0<strong>de\u011ferlendirmeye al\u0131nmayacakt\u0131r<\/strong>.<\/p>\n<p>5. 2026 kongresinin bilimsel program\u0131na kabul edilmi\u015f, ancak herhangi bir nedenle kongrede sunulamayacak \u00e7al\u0131\u015fmalar\u0131n <strong>en ge\u00e7 1 Eyl\u00fcl 2026<\/strong> tarihine kadar yaz\u0131l\u0131 olarak\u00a0<strong><a href=\"mailto:kongresekreteri@totbid2026.org\">kongresekreteri@totbid2026.org<\/a>\u00a0<\/strong> adresine bildirmeleri zorunludur.<\/p>\n<p>6. Bildiri \u00f6zetlerinin kabul\u00fc ve kongre program kitab\u0131nda yer alabilmesi i\u00e7in yazarlardan en az birinin <strong>3 Ekim 2026<\/strong> tarihine kadar kongreye kay\u0131t yapt\u0131rmas\u0131 gerekmektedir.<\/p>\n<p>7. Kongremize g\u00f6nderilen t\u00fcm bildiriler, bilimsel standartlara uygunlu\u011fun sa\u011flanabilmesi amac\u0131yla akran\/yarg\u0131c\u0131 de\u011ferlendirmesi s\u00fcrecine tabi tutulacak olup, de\u011ferlendirme s\u00fcreci gizli de\u011ferlendirme y\u00f6ntemiyle y\u00fcr\u00fct\u00fclecektir.<\/p>\n<p>8. 35. Ulusal T\u00fcrk Ortopedi ve Travmatoloji Kongresi\u2019nde sunulan ve yukar\u0131da de\u011finilen <strong>s\u00f6zl\u00fc<\/strong> bildiri kategorilerinde birinci olan bildiriler tam metinlerini kongre tamamlanmas\u0131 izleyen 6 ay i\u00e7erisinde <em>Acta Orthopaedica et Traumatologica Turcica<\/em> dergisinde g\u00f6ndermesi ve edit\u00f6r s\u00fcreci sonras\u0131nda kabul edilmeleri halinde makale bas\u0131m \u00fccreti (APC) TOTB\u0130D taraf\u0131ndan kar\u015f\u0131lanacakt\u0131r.<\/p>\n<p>9. TOTB\u0130D 2026 kongresine <strong>kabul edilen ve sunulan bildirilerin<\/strong> Acta Orthopaedica et Traumatologica Turcica dergisi kongre bildiri supplementinde \u0130ngilizce olarak yay\u0131nlanmas\u0131 bildirilerin Web of Science (WoS) taraf\u0131ndan taranmas\u0131 ve indekslenmesini sa\u011flayaca\u011f\u0131ndan T\u00fcrk\u00e7e bildiri \u00f6zetlerinin yan\u0131nda \u0130ngilizce \u00f6zetlerin yazarlar taraf\u0131ndan organizasyon komitesine g\u00f6nderilmesi gerekmektedir.\u00a0 Kabul edilen bildirilerin \u0130ngilizce \u00f6zetleri <strong>en ge\u00e7 1 Ekim 2026<\/strong> tarihine kadar <strong><a href=\"mailto:kongresekreteri@totbid2026.org\">kongresekreteri@totbid2026.org<\/a>\u00a0<\/strong> g\u00f6nderilmelidir.<\/p>\n<\/li>\n<\/ul>\n<p>[\/et_pb_text][\/et_pb_column][\/et_pb_row][\/et_pb_section]<\/p>\n","protected":false},"excerpt":{"rendered":"<p>Bildiri G\u00f6nderme Ko\u015fullar\u0131 Bildiri \u00f6zetleri 15 \u015eubat 2026 tarihinden itibaren kabul edilmeye ba\u015flanacakt\u0131r. Son bildiri g\u00f6nderim tarihi 1 Haziran 2026\u2018t\u0131r. Bildirilerin www.totbid2026.org adresi \u00fczerinden sisteme girilmesi kongrenin tek ge\u00e7erli bildiri g\u00f6nderim \u015feklidir. Sistemden ba\u011f\u0131ms\u0131z faks veya e-posta yolu ile g\u00f6nderilen bildiri \u00f6zetleri de\u011ferlendirmeye al\u0131nmayacakt\u0131r. Bildiri \u00f6zetleri bilimsel kurul taraf\u0131ndan de\u011ferlendirilecektir. Bildirilerin bilimsel kurul taraf\u0131ndan incelendikten [&hellip;]<\/p>\n","protected":false},"author":1,"featured_media":0,"parent":0,"menu_order":0,"comment_status":"closed","ping_status":"closed","template":"","meta":{"_et_pb_use_builder":"on","_et_pb_old_content":"","_et_gb_content_width":"","footnotes":""},"class_list":["post-230","page","type-page","status-publish","hentry"],"_links":{"self":[{"href":"https:\/\/totbid2026.org\/en\/wp-json\/wp\/v2\/pages\/230","targetHints":{"allow":["GET"]}}],"collection":[{"href":"https:\/\/totbid2026.org\/en\/wp-json\/wp\/v2\/pages"}],"about":[{"href":"https:\/\/totbid2026.org\/en\/wp-json\/wp\/v2\/types\/page"}],"author":[{"embeddable":true,"href":"https:\/\/totbid2026.org\/en\/wp-json\/wp\/v2\/users\/1"}],"replies":[{"embeddable":true,"href":"https:\/\/totbid2026.org\/en\/wp-json\/wp\/v2\/comments?post=230"}],"version-history":[{"count":13,"href":"https:\/\/totbid2026.org\/en\/wp-json\/wp\/v2\/pages\/230\/revisions"}],"predecessor-version":[{"id":331,"href":"https:\/\/totbid2026.org\/en\/wp-json\/wp\/v2\/pages\/230\/revisions\/331"}],"wp:attachment":[{"href":"https:\/\/totbid2026.org\/en\/wp-json\/wp\/v2\/media?parent=230"}],"curies":[{"name":"wp","href":"https:\/\/api.w.org\/{rel}","templated":true}]}}