{"id":170,"date":"2026-01-28T12:54:31","date_gmt":"2026-01-28T12:54:31","guid":{"rendered":"https:\/\/totbid2026.org\/?page_id=170"},"modified":"2026-01-30T09:25:35","modified_gmt":"2026-01-30T09:25:35","slug":"bilimsel-kurulu","status":"publish","type":"page","link":"https:\/\/totbid2026.org\/en\/bilimsel-kurulu\/","title":{"rendered":"Scientific Committee"},"content":{"rendered":"<p>[et_pb_section fb_built=&#8221;1&#8243; fullwidth=&#8221;on&#8221; _builder_version=&#8221;4.17.4&#8243; _module_preset=&#8221;default&#8221; use_background_color_gradient=&#8221;on&#8221; background_color_gradient_stops=&#8221;#221e72 0%|#008cd1 100%&#8221; global_colors_info=&#8221;{}&#8221;][et_pb_fullwidth_post_title meta=&#8221;off&#8221; featured_image=&#8221;off&#8221; _builder_version=&#8221;4.17.4&#8243; _module_preset=&#8221;default&#8221; title_font=&#8221;|700|||||||&#8221; title_text_color=&#8221;#FFFFFF&#8221; custom_padding=&#8221;167px|||||&#8221; global_colors_info=&#8221;{}&#8221;][\/et_pb_fullwidth_post_title][\/et_pb_section][et_pb_section fb_built=&#8221;1&#8243; _builder_version=&#8221;4.17.4&#8243; _module_preset=&#8221;default&#8221; custom_margin=&#8221;17px|||||&#8221; global_colors_info=&#8221;{}&#8221;][et_pb_row use_custom_gutter=&#8221;on&#8221; _builder_version=&#8221;4.17.4&#8243; _module_preset=&#8221;default&#8221; global_colors_info=&#8221;{}&#8221;][et_pb_column type=&#8221;4_4&#8243; _builder_version=&#8221;4.17.4&#8243; _module_preset=&#8221;default&#8221; global_colors_info=&#8221;{}&#8221;][et_pb_text disabled_on=&#8221;off|off|off&#8221; _builder_version=&#8221;4.17.4&#8243; _module_preset=&#8221;default&#8221; text_text_color=&#8221;#211d71&#8243; text_font_size=&#8221;15px&#8221; hover_enabled=&#8221;0&#8243; text_font_size_last_edited=&#8221;on|phone&#8221; global_colors_info=&#8221;{}&#8221; sticky_enabled=&#8221;0&#8243; content_last_edited=&#8221;on|desktop&#8221; text_font_size_phone=&#8221;12px&#8221; text_font_size_tablet=&#8221;15px&#8221; content_tablet=&#8221;<\/p>\n<table style=%22width: 80%; border: none;%22 border=%220%22 class=%22kurul%22>\n<tbody>\n<tr>\n<td style=%22width: 26%;%22><strong>Y\u00fcr\u00fct\u00fcc\u00fc<\/strong><\/td>\n<td>Dr. Nihat Demirhan Demirk\u0131ran<\/td>\n<\/tr>\n<tr>\n<td><strong>\u00dcyeler<\/strong><\/td>\n<td>Dr. Ahmet Emre Paksoy<br \/>\nDr. Ahmet \u00d6zmeri\u00e7<br \/>\nDr. Ali Ge\u00e7er<br \/>\nDr. Ali \u00d6\u00e7gu\u0308der<br \/>\nDr. Ali \u015eeker<br \/>\nDr. Bahattin Kerem Ayd\u0131n<br \/>\nDr. Berk G\u00fc\u00e7l\u00fc<br \/>\nDr. Burak Akan<br \/>\nDr. Cem \u00c7opuro\u011flu<br \/>\nDr. \u00c7a\u011fda\u015f Basat<br \/>\nDr. Ertu\u011frul Ak\u015fahin<br \/>\nDr. G\u00fczelali \u00d6zdemir<br \/>\nDr. Harzem \u00d6zger<br \/>\nDr. Levent Horoz<br \/>\nDr. Mehmet Ali Deveci<br \/>\nDr. Mehmet Ali Tokg\u00f6z<br \/>\nDr. Mehmet Fevzi \u00c7akmak<br \/>\nDr. Mehmet Sait Akar<br \/>\nDr. Melih Ba\u011f\u0131r<br \/>\nDr. Merter Yal\u00e7\u0131nkaya<br \/>\nDr. Mustafa \u00c7elikta\u015f<br \/>\nDr. Mutlu \u00c7obano\u011flu<br \/>\nDr. \u00d6zhan Pazarc\u0131<br \/>\nDr. \u00d6zkan K\u00f6se<br \/>\nDr. Sami S\u00f6k\u00fcc\u00fc<br \/>\nDr. Serhat Ak\u00e7aalan<br \/>\nDr. Tahir Sad\u0131k S\u00dcG\u00dcN<br \/>\nDr. Yal\u00e7\u0131n Turan<br \/>\nDr. Yusuf G\u00fcrb\u00fcz\n<\/td>\n<\/tr>\n<\/tbody>\n<\/table>\n<p>&#8221; content_phone=&#8221;<\/p>\n<table style=%22width: 80%; border: none;%22 border=%220%22 class=%22kurul%22>\n<tbody>\n<tr>\n<td style=%22width: 26%;%22><strong>Y\u00fcr\u00fct\u00fcc\u00fc<\/strong><\/td>\n<td>Dr. Nihat Demirhan Demirk\u0131ran<\/td>\n<\/tr>\n<tr>\n<td><strong>\u00dcyeler<\/strong><\/td>\n<td>Dr. Ahmet Emre Paksoy<br \/>\nDr. Ahmet \u00d6zmeri\u00e7<br \/>\nDr. Ali Ge\u00e7er<br \/>\nDr. Ali \u00d6\u00e7gu\u0308der<br \/>\nDr. Ali \u015eeker<br \/>\nDr. Bahattin Kerem Ayd\u0131n<br \/>\nDr. Berk G\u00fc\u00e7l\u00fc<br \/>\nDr. Burak Akan<br \/>\nDr. Cem \u00c7opuro\u011flu<br \/>\nDr. \u00c7a\u011fda\u015f Basat<br \/>\nDr. Ertu\u011frul Ak\u015fahin<br \/>\nDr. G\u00fczelali \u00d6zdemir<br \/>\nDr. Harzem \u00d6zger<br \/>\nDr. Levent Horoz<br \/>\nDr. Mehmet Ali Deveci<br \/>\nDr. Mehmet Ali Tokg\u00f6z<br \/>\nDr. Mehmet Fevzi \u00c7akmak<br \/>\nDr. Mehmet Sait Akar<br \/>\nDr. Melih Ba\u011f\u0131r<br \/>\nDr. Merter Yal\u00e7\u0131nkaya<br \/>\nDr. Mustafa \u00c7elikta\u015f<br \/>\nDr. Mutlu \u00c7obano\u011flu<br \/>\nDr. \u00d6zhan Pazarc\u0131<br \/>\nDr. \u00d6zkan K\u00f6se<br \/>\nDr. Sami S\u00f6k\u00fcc\u00fc<br \/>\nDr. Serhat Ak\u00e7aalan<br \/>\nDr. Tahir Sad\u0131k S\u00dcG\u00dcN<br \/>\nDr. Yal\u00e7\u0131n Turan<br \/>\nDr. Yusuf G\u00fcrb\u00fcz\n<\/td>\n<\/tr>\n<\/tbody>\n<\/table>\n<p>&#8220;]<\/p>\n<table style=\"width: 80%; border: none;\" border=\"0\" class=\"kurul\">\n<tbody>\n<tr>\n<td style=\"width: 26%;\"><strong>Y\u00fcr\u00fct\u00fcc\u00fc<\/strong><\/td>\n<td>Dr. Nihat Demirhan Demirk\u0131ran<\/td>\n<\/tr>\n<tr>\n<td><strong>\u00dcyeler<\/strong><\/td>\n<td>Dr. Ahmet Emre Paksoy<br \/>\nDr. Ahmet \u00d6zmeri\u00e7<br \/>\nDr. Ali Ge\u00e7er<br \/>\nDr. Ali \u00d6\u00e7gu\u0308der<br \/>\nDr. Ali \u015eeker<br \/>\nDr. Bahattin Kerem Ayd\u0131n<br \/>\nDr. Berk G\u00fc\u00e7l\u00fc<br \/>\nDr. Burak Akan<br \/>\nDr. Cem \u00c7opuro\u011flu<br \/>\nDr. \u00c7a\u011fda\u015f Basat<br \/>\nDr. Ertu\u011frul Ak\u015fahin<br \/>\nDr. G\u00fczelali \u00d6zdemir<br \/>\nDr. Harzem \u00d6zger<br \/>\nDr. Levent Horoz<br \/>\nDr. Mehmet Ali Deveci<br \/>\nDr. Mehmet Ali Tokg\u00f6z<br \/>\nDr. Mehmet Fevzi \u00c7akmak<br \/>\nDr. Mehmet Sait Akar<br \/>\nDr. Melih Ba\u011f\u0131r<br \/>\nDr. Merter Yal\u00e7\u0131nkaya<br \/>\nDr. Mustafa \u00c7elikta\u015f<br \/>\nDr. Mutlu \u00c7obano\u011flu<br \/>\nDr. \u00d6zhan Pazarc\u0131<br \/>\nDr. \u00d6zkan K\u00f6se<br \/>\nDr. Sami S\u00f6k\u00fcc\u00fc<br \/>\nDr. Serhat Ak\u00e7aalan<br \/>\nDr. Tahir Sad\u0131k S\u00dcG\u00dcN<br \/>\nDr. Yal\u00e7\u0131n Turan<br \/>\nDr. Yusuf G\u00fcrb\u00fcz\n<\/td>\n<\/tr>\n<\/tbody>\n<\/table>\n<p>[\/et_pb_text][\/et_pb_column][\/et_pb_row][\/et_pb_section]<\/p>\n","protected":false},"excerpt":{"rendered":"<p>Y\u00fcr\u00fct\u00fcc\u00fc Dr. Nihat Demirhan Demirk\u0131ran \u00dcyeler Dr. Ahmet Emre Paksoy Dr. Ahmet \u00d6zmeri\u00e7 Dr. Ali Ge\u00e7er Dr. Ali \u00d6\u00e7gu\u0308der Dr. Ali \u015eeker Dr. Bahattin Kerem Ayd\u0131n Dr. Berk G\u00fc\u00e7l\u00fc Dr. Burak Akan Dr. Cem \u00c7opuro\u011flu Dr. \u00c7a\u011fda\u015f Basat Dr. Ertu\u011frul Ak\u015fahin Dr. G\u00fczelali \u00d6zdemir Dr. Harzem \u00d6zger Dr. Levent Horoz Dr. Mehmet Ali Deveci Dr. [&hellip;]<\/p>\n","protected":false},"author":1,"featured_media":0,"parent":0,"menu_order":0,"comment_status":"closed","ping_status":"closed","template":"","meta":{"_et_pb_use_builder":"on","_et_pb_old_content":"","_et_gb_content_width":"","footnotes":""},"class_list":["post-170","page","type-page","status-publish","hentry"],"_links":{"self":[{"href":"https:\/\/totbid2026.org\/en\/wp-json\/wp\/v2\/pages\/170","targetHints":{"allow":["GET"]}}],"collection":[{"href":"https:\/\/totbid2026.org\/en\/wp-json\/wp\/v2\/pages"}],"about":[{"href":"https:\/\/totbid2026.org\/en\/wp-json\/wp\/v2\/types\/page"}],"author":[{"embeddable":true,"href":"https:\/\/totbid2026.org\/en\/wp-json\/wp\/v2\/users\/1"}],"replies":[{"embeddable":true,"href":"https:\/\/totbid2026.org\/en\/wp-json\/wp\/v2\/comments?post=170"}],"version-history":[{"count":4,"href":"https:\/\/totbid2026.org\/en\/wp-json\/wp\/v2\/pages\/170\/revisions"}],"predecessor-version":[{"id":218,"href":"https:\/\/totbid2026.org\/en\/wp-json\/wp\/v2\/pages\/170\/revisions\/218"}],"wp:attachment":[{"href":"https:\/\/totbid2026.org\/en\/wp-json\/wp\/v2\/media?parent=170"}],"curies":[{"name":"wp","href":"https:\/\/api.w.org\/{rel}","templated":true}]}}