{"id":169,"date":"2026-01-28T12:54:22","date_gmt":"2026-01-28T12:54:22","guid":{"rendered":"https:\/\/totbid2026.org\/?page_id=169"},"modified":"2026-01-30T09:18:45","modified_gmt":"2026-01-30T09:18:45","slug":"kongre-duzenleme-kurulu","status":"publish","type":"page","link":"https:\/\/totbid2026.org\/en\/kongre-duzenleme-kurulu\/","title":{"rendered":"Congress Organizing Comittee"},"content":{"rendered":"<p>[et_pb_section fb_built=&#8221;1&#8243; fullwidth=&#8221;on&#8221; _builder_version=&#8221;4.17.4&#8243; _module_preset=&#8221;default&#8221; use_background_color_gradient=&#8221;on&#8221; background_color_gradient_stops=&#8221;#221e72 0%|#008cd1 100%&#8221; global_colors_info=&#8221;{}&#8221;][et_pb_fullwidth_post_title meta=&#8221;off&#8221; featured_image=&#8221;off&#8221; _builder_version=&#8221;4.17.4&#8243; _module_preset=&#8221;default&#8221; title_font=&#8221;|700|||||||&#8221; title_text_color=&#8221;#FFFFFF&#8221; custom_padding=&#8221;167px|||||&#8221; global_colors_info=&#8221;{}&#8221;][\/et_pb_fullwidth_post_title][\/et_pb_section][et_pb_section fb_built=&#8221;1&#8243; _builder_version=&#8221;4.17.4&#8243; _module_preset=&#8221;default&#8221; custom_margin=&#8221;17px|||||&#8221; global_colors_info=&#8221;{}&#8221;][et_pb_row use_custom_gutter=&#8221;on&#8221; _builder_version=&#8221;4.17.4&#8243; _module_preset=&#8221;default&#8221; global_colors_info=&#8221;{}&#8221;][et_pb_column type=&#8221;4_4&#8243; _builder_version=&#8221;4.17.4&#8243; _module_preset=&#8221;default&#8221; global_colors_info=&#8221;{}&#8221;][et_pb_text content_tablet=&#8221;<\/p>\n<table style=%22width: 70%; border: none;%22 border=%220%22 class=%22kurul%22>\n<tbody>\n<tr>\n<td style=%22width: 40%;%22><strong>Kongre Koordinat\u00f6r\u00fc<\/strong><\/td>\n<td>Dr. \u00d6nder Kalenderer<\/td>\n<\/tr>\n<tr>\n<td style=%22width: 40%;%22><strong>Kongre Onursal Ba\u015fkan\u0131<\/strong><\/td>\n<td>Dr. Nejat Hakk\u0131 Sur<\/td>\n<\/tr>\n<tr>\n<td style=%22width: 40%;%22><strong>Kongre Ba\u015fkan\u0131<\/strong><\/td>\n<td>Dr. R. Haluk Berk<\/td>\n<\/tr>\n<tr>\n<td style=%22width: 40%;%22><strong>Kongre Sekreteri<\/strong><\/td>\n<td>Dr. Onur Ba\u015f\u00e7\u0131<\/td>\n<\/tr>\n<tr>\n<td style=%22width: 40%;%22><strong>\u00dcyeler<\/strong><\/td>\n<td>Dr. Baybars Atao\u011flu<br \/>Dr. Nihat Demirhan Demirk\u0131ran<br \/>Dr. Adnan Kara<br \/>Dr. G\u00fczelali \u00d6zdemir<br \/>Dr. Ali \u00d6\u00e7g\u00fcder<\/td>\n<\/tr>\n<\/tbody>\n<\/table>\n<p>&#8221; content_phone=&#8221;<\/p>\n<table style=%22width: 100%; border: none;%22 border=%220%22 class=%22kurul%22>\n<tbody>\n<tr>\n<td style=%22width: 38%;%22><strong>Kongre Koordinat\u00f6r\u00fc<\/strong><\/td>\n<td>Dr. \u00d6nder Kalenderer<\/td>\n<\/tr>\n<tr>\n<td><strong>Kongre Onursal Ba\u015fkan\u0131<\/strong><\/td>\n<td>Dr. Hakk\u0131 Sur<\/td>\n<\/tr>\n<tr>\n<td><strong>Kongre Ba\u015fkan\u0131<\/strong><\/td>\n<td>Dr. R. Haluk Berk<\/td>\n<\/tr>\n<tr>\n<td><strong>Kongre Sekreteri<\/strong><\/td>\n<td>Dr. Onur Ba\u015f\u00e7\u0131<\/td>\n<\/tr>\n<tr>\n<td><strong>\u00dcyeler<\/strong><\/td>\n<td>Dr. Baybars Atao\u011flu<br \/>Dr. Nihat Demirhan Demirk\u0131ran<br \/>Dr. Adnan Kara<br \/>Dr. G\u00fczelali \u00d6zdemir<br \/>Dr. Ali \u00d6\u00e7g\u00fcder<\/td>\n<\/tr>\n<\/tbody>\n<\/table>\n<p>&#8221; content_last_edited=&#8221;on|phone&#8221; _builder_version=&#8221;4.17.4&#8243; _module_preset=&#8221;default&#8221; text_text_color=&#8221;#211d71&#8243; text_font_size=&#8221;16px&#8221; text_font_size_tablet=&#8221;16px&#8221; text_font_size_phone=&#8221;12px&#8221; text_font_size_last_edited=&#8221;on|phone&#8221; global_colors_info=&#8221;{}&#8221;]<\/p>\n<table style=\"width: 70%; border: none;\" border=\"0\" class=\"kurul\">\n<tbody>\n<tr>\n<td style=\"width: 40%;\"><strong>Kongre Koordinat\u00f6r\u00fc<\/strong><\/td>\n<td>Dr. \u00d6nder Kalenderer<\/td>\n<\/tr>\n<tr>\n<td style=\"width: 40%;\"><strong>Kongre Onursal Ba\u015fkan\u0131<\/strong><\/td>\n<td>Dr. Hakk\u0131 Sur<\/td>\n<\/tr>\n<tr>\n<td style=\"width: 40%;\"><strong>Kongre Ba\u015fkan\u0131<\/strong><\/td>\n<td>Dr. R. Haluk Berk<\/td>\n<\/tr>\n<tr>\n<td style=\"width: 40%;\"><strong>Kongre Sekreteri<\/strong><\/td>\n<td>Dr. Onur Ba\u015f\u00e7\u0131<\/td>\n<\/tr>\n<tr>\n<td style=\"width: 40%;\"><strong>\u00dcyeler<\/strong><\/td>\n<td>Dr. Baybars Atao\u011flu<br \/>Dr. Nihat Demirhan Demirk\u0131ran<br \/>Dr. Adnan Kara<br \/>Dr. G\u00fczelali \u00d6zdemir<br \/>Dr. Ali \u00d6\u00e7g\u00fcder<\/td>\n<\/tr>\n<\/tbody>\n<\/table>\n<p>[\/et_pb_text][\/et_pb_column][\/et_pb_row][\/et_pb_section]<\/p>\n","protected":false},"excerpt":{"rendered":"<p>Kongre Koordinat\u00f6r\u00fc Dr. \u00d6nder Kalenderer Kongre Onursal Ba\u015fkan\u0131 Dr. Hakk\u0131 Sur Kongre Ba\u015fkan\u0131 Dr. R. Haluk Berk Kongre Sekreteri Dr. Onur Ba\u015f\u00e7\u0131 \u00dcyeler Dr. Baybars Atao\u011fluDr. Nihat Demirhan Demirk\u0131ranDr. Adnan KaraDr. G\u00fczelali \u00d6zdemirDr. Ali \u00d6\u00e7g\u00fcder<\/p>","protected":false},"author":1,"featured_media":0,"parent":0,"menu_order":0,"comment_status":"closed","ping_status":"closed","template":"","meta":{"_et_pb_use_builder":"on","_et_pb_old_content":"","_et_gb_content_width":"","footnotes":""},"class_list":["post-169","page","type-page","status-publish","hentry"],"_links":{"self":[{"href":"https:\/\/totbid2026.org\/en\/wp-json\/wp\/v2\/pages\/169","targetHints":{"allow":["GET"]}}],"collection":[{"href":"https:\/\/totbid2026.org\/en\/wp-json\/wp\/v2\/pages"}],"about":[{"href":"https:\/\/totbid2026.org\/en\/wp-json\/wp\/v2\/types\/page"}],"author":[{"embeddable":true,"href":"https:\/\/totbid2026.org\/en\/wp-json\/wp\/v2\/users\/1"}],"replies":[{"embeddable":true,"href":"https:\/\/totbid2026.org\/en\/wp-json\/wp\/v2\/comments?post=169"}],"version-history":[{"count":6,"href":"https:\/\/totbid2026.org\/en\/wp-json\/wp\/v2\/pages\/169\/revisions"}],"predecessor-version":[{"id":215,"href":"https:\/\/totbid2026.org\/en\/wp-json\/wp\/v2\/pages\/169\/revisions\/215"}],"wp:attachment":[{"href":"https:\/\/totbid2026.org\/en\/wp-json\/wp\/v2\/media?parent=169"}],"curies":[{"name":"wp","href":"https:\/\/api.w.org\/{rel}","templated":true}]}}