{"id":102,"date":"2026-01-21T14:27:01","date_gmt":"2026-01-21T14:27:01","guid":{"rendered":"https:\/\/totbid2026.org\/?page_id=102"},"modified":"2026-01-21T14:27:25","modified_gmt":"2026-01-21T14:27:25","slug":"bilimsel-program","status":"publish","type":"page","link":"https:\/\/totbid2026.org\/en\/bilimsel-program\/","title":{"rendered":"Scientific Program"},"content":{"rendered":"<p>[et_pb_section fb_built=&#8221;1&#8243; fullwidth=&#8221;on&#8221; _builder_version=&#8221;4.17.4&#8243; _module_preset=&#8221;default&#8221; use_background_color_gradient=&#8221;on&#8221; background_color_gradient_stops=&#8221;#221e72 0%|#008cd1 100%&#8221; global_colors_info=&#8221;{}&#8221;][et_pb_fullwidth_post_title meta=&#8221;off&#8221; featured_image=&#8221;off&#8221; _builder_version=&#8221;4.17.4&#8243; _module_preset=&#8221;default&#8221; title_font=&#8221;|700|||||||&#8221; title_text_color=&#8221;#FFFFFF&#8221; custom_padding=&#8221;167px|||||&#8221; global_colors_info=&#8221;{}&#8221;][\/et_pb_fullwidth_post_title][\/et_pb_section][et_pb_section fb_built=&#8221;1&#8243; _builder_version=&#8221;4.17.4&#8243; _module_preset=&#8221;default&#8221; custom_margin=&#8221;17px|||||&#8221; global_colors_info=&#8221;{}&#8221;][et_pb_row use_custom_gutter=&#8221;on&#8221; _builder_version=&#8221;4.17.4&#8243; _module_preset=&#8221;default&#8221; global_colors_info=&#8221;{}&#8221;][et_pb_column type=&#8221;4_4&#8243; _builder_version=&#8221;4.17.4&#8243; _module_preset=&#8221;default&#8221; global_colors_info=&#8221;{}&#8221;][et_pb_text _builder_version=&#8221;4.17.4&#8243; _module_preset=&#8221;default&#8221; text_text_color=&#8221;#211d71&#8243; hover_enabled=&#8221;0&#8243; global_colors_info=&#8221;{}&#8221; sticky_enabled=&#8221;0&#8243;]<\/p>\n<p><span lang=\"TR\">\u0130lerleyen g\u00fcnlerde yay\u0131nlanacakt\u0131r.\u00a0<\/span><\/p>\n<p><span lang=\"TR\"><\/span><\/p>\n<p><span lang=\"TR\"><\/span><\/p>\n<p><span lang=\"TR\"><\/span><\/p>\n<p><span lang=\"TR\"><\/span><\/p>\n<p><span lang=\"TR\"><\/span><\/p>\n<p><span lang=\"TR\"><\/span><\/p>\n<p><span lang=\"TR\"><\/span><\/p>\n<p><span lang=\"TR\"><\/span><\/p>\n<p><span lang=\"TR\"><\/span><\/p>\n<p><span lang=\"TR\"><\/span><\/p>\n<p><span lang=\"TR\"><\/span><\/p>\n<p><span lang=\"TR\"><\/span><\/p>\n<p><span lang=\"TR\"><\/span><\/p>\n<p><span lang=\"TR\"><\/span><\/p>\n<p><span lang=\"TR\"><\/span><\/p>\n<p><span lang=\"TR\"><\/span><\/p>\n<p>[\/et_pb_text][\/et_pb_column][\/et_pb_row][\/et_pb_section]<\/p>\n","protected":false},"excerpt":{"rendered":"<p>Scientific program will be available soon.\u00a0<\/p>","protected":false},"author":1,"featured_media":0,"parent":0,"menu_order":0,"comment_status":"closed","ping_status":"closed","template":"","meta":{"_et_pb_use_builder":"on","_et_pb_old_content":"","_et_gb_content_width":"","footnotes":""},"class_list":["post-102","page","type-page","status-publish","hentry"],"_links":{"self":[{"href":"https:\/\/totbid2026.org\/en\/wp-json\/wp\/v2\/pages\/102","targetHints":{"allow":["GET"]}}],"collection":[{"href":"https:\/\/totbid2026.org\/en\/wp-json\/wp\/v2\/pages"}],"about":[{"href":"https:\/\/totbid2026.org\/en\/wp-json\/wp\/v2\/types\/page"}],"author":[{"embeddable":true,"href":"https:\/\/totbid2026.org\/en\/wp-json\/wp\/v2\/users\/1"}],"replies":[{"embeddable":true,"href":"https:\/\/totbid2026.org\/en\/wp-json\/wp\/v2\/comments?post=102"}],"version-history":[{"count":3,"href":"https:\/\/totbid2026.org\/en\/wp-json\/wp\/v2\/pages\/102\/revisions"}],"predecessor-version":[{"id":105,"href":"https:\/\/totbid2026.org\/en\/wp-json\/wp\/v2\/pages\/102\/revisions\/105"}],"wp:attachment":[{"href":"https:\/\/totbid2026.org\/en\/wp-json\/wp\/v2\/media?parent=102"}],"curies":[{"name":"wp","href":"https:\/\/api.w.org\/{rel}","templated":true}]}}